{"id":1896,"date":"2020-10-12T21:52:09","date_gmt":"2020-10-12T19:52:09","guid":{"rendered":"https:\/\/drchedibali.com\/?page_id=1896"},"modified":"2020-10-12T22:09:49","modified_gmt":"2020-10-12T20:09:49","slug":"temoignages","status":"publish","type":"page","link":"https:\/\/drchedibali.com\/index.php\/temoignages\/","title":{"rendered":"Ont parl\u00e9 de nous"},"content":{"rendered":"<p>[vc_row css=&#8221;.vc_custom_1579341839712{padding-top: 90px !important;padding-bottom: 90px !important;background-image: url(http:\/\/drchedibali.com\/wp-content\/uploads\/2020\/01\/fat-footer-bg.jpg?id=1426) !important;background-position: center !important;background-repeat: no-repeat !important;background-size: cover !important;}&#8221; el_class=&#8221;text-light bg-fixed&#8221;][vc_column animate=&#8221;fadeinup&#8221;][\/vc_column][vc_column]\t<!-- Element: OT Testimonial Silder -->\t\n\t<div id=\"testimonial-carousel-69e172a0a4cf2\" class=\"de_carousel  wow fadeInUp\" data-wow-delay=\".3s\">\n\t        <div class=\"col-md-6 item\">\n            <div class=\"de_testi\">\n                <blockquote>\n                    <p>Merci beaucoup Docteur pour ce r\u00e9sultat.<\/p>\n<p><a href=\"https:\/\/www.instagram.com\/p\/B_AnwItHhEF\/?fbclid=IwAR22qijO7ftXcSLB9UMdpBNEq5psEEAYU9M5zR53V0fbhmSvWbl09HrDiC0\">Lire Source <\/a> <i class=\"fa fa-instagram\"><\/i><\/p>\n                    <div class=\"de_testi_by no-margin\">\n\n                    \t\n\t\t\t\t\t\t<div >\n                        \tMme N.C, Paris, France.                        <\/div>\n\n                    <\/div>\n                <\/blockquote>\n\n            <\/div>\n        <\/div>\n                <div class=\"col-md-6 item\">\n            <div class=\"de_testi\">\n                <blockquote>\n                    <p>Apr\u00e8s deux mois et j&#8217;adore le r\u00e9sultat. Merci infiniment docteur tu as chang\u00e9 ma vie<\/p>\n<p><a href=\"https:\/\/www.instagram.com\/stories\/highlights\/18118562419151151\/\">lien instagram<\/a><\/p>\n                    <div class=\"de_testi_by no-margin\">\n\n                    \t\n\t\t\t\t\t\t<div >\n                        \tPatiente Message Instagram                        <\/div>\n\n                    <\/div>\n                <\/blockquote>\n\n            <\/div>\n        <\/div>\n                <div class=\"col-md-6 item\">\n            <div class=\"de_testi\">\n                <blockquote>\n                    <p>Bonjour Cher Docteur BALI. le r\u00e9sultat est de mieux en mieux. Pas de douleurs et les bleus r\u00e9duisent. Tr\u00e8s heureux. Voici quelques photos apr\u00e8s 3 jours seulement. Bon week-end a vous.<\/p>\n<p><a href=\"https:\/\/www.instagram.com\/stories\/highlights\/18118562419151151\/\">Lien Instagram<\/a><\/p>\n                    <div class=\"de_testi_by no-margin\">\n\n                    \t\n\t\t\t\t\t\t<div >\n                        \tPatient Message Instagram                        <\/div>\n\n                    <\/div>\n                <\/blockquote>\n\n            <\/div>\n        <\/div>\n                <div class=\"col-md-6 item\">\n            <div class=\"de_testi\">\n                <blockquote>\n                    <p><a class=\"review-subject\" href=\"https:\/\/www.estheticon.fr\/patients\/264511\/changement-de-prothese-et-mastopexie-i133848?utm_source=widget&amp;utm_medium=link&amp;utm_content=chedi-bali&amp;utm_campaign=reviews\" target=\"_blank\" rel=\"noopener noreferrer\">\u201cChangement de proth\u00e8se et mastopexie\u201d<\/a><\/p>\n<p>Vraiment du bon travail je suis tr\u00e8s satisfaite de mon op\u00e9ration qui s&#8217;est d\u00e9roul\u00e9e le 31.03.2015. Tout s&#8217;est tr\u00e8s tr\u00e8s bien pass\u00e9. Le personnel de la clinique \u00e9tait aux petits soins pour moi et le Dr Bali \u00e9tait vraiment tr\u00e8s comp\u00e9tent et \u00e0 l&#8217;\u00e9coute. Je recommande vivement&#8230;<\/p>\n                    <div class=\"de_testi_by no-margin\">\n\n                    \t\n\t\t\t\t\t\t<div >\n                        \tPatient Valais, Suisse, Lifting mammaire                        <\/div>\n\n                    <\/div>\n                <\/blockquote>\n\n            <\/div>\n        <\/div>\n                <div class=\"col-md-6 item\">\n            <div class=\"de_testi\">\n                <blockquote>\n                    <p><strong><a class=\"review-subject\" href=\"https:\/\/www.estheticon.fr\/patients\/388383\/liposuccion-double-menton-satisfaction-totale-i164997?utm_source=widget&amp;utm_medium=link&amp;utm_content=chedi-bali&amp;utm_campaign=reviews\" target=\"_blank\" rel=\"noopener noreferrer\">\u201cLiposuccion double menton \/ satisfaction totale\u201d<\/a><\/strong><\/p>\n<p>Un r\u00e9sultat spectaculaire, un Chirurgien extraordinaire \u00e0 l&#8217;\u00e9coute qui cherche le bien \u00eatre de ses patients plus qu&#8217;autre chose et ceci est rarissime de nos jours..donc \u00e0 la base je suis partie sur des interventions tr\u00e8s compliqu\u00e9es et lourdes et il m&#8217;a carr\u00e9ment convaincu de me contenter de solutions beaucoup plus simples et moins co\u00fbteuses.<br \/>\nRapport qualit\u00e9 \/prix il n&#8217;y a pas photo..le r\u00e9sultat est tr\u00e8s naturel je n&#8217;h\u00e9site pas \u00e0 le recommander et \u00e0 renouveler l&#8217;exp\u00e9rience avec lui.<br \/>\nMerci Docteur<br \/>\nNadia<\/p>\n                    <div class=\"de_testi_by no-margin\">\n\n                    \t\n\t\t\t\t\t\t<div >\n                        \tNadia, Liposuccion                        <\/div>\n\n                    <\/div>\n                <\/blockquote>\n\n            <\/div>\n        <\/div>\n                <div class=\"col-md-6 item\">\n            <div class=\"de_testi\">\n                <blockquote>\n                    <p><a class=\"review-subject\" href=\"https:\/\/www.estheticon.fr\/patients\/329419\/un-vrai-medecin-dun-point-de-vue-humain-i147066?utm_source=widget&amp;utm_medium=link&amp;utm_content=chedi-bali&amp;utm_campaign=reviews\" target=\"_blank\" rel=\"noopener noreferrer\">\u201cUn vrai m\u00e9decin d&#8217;un point de vue humain\u201d<\/a><\/p>\n<p>Liposuccion de la\u00a0<a href=\"https:\/\/www.estheticon.fr\/patients\/liposuccion?tag=culotte-de-cheval\">culotte de cheval<\/a>\u00a0dans son ensemble.<br \/>\nLe docteur Bali est un excellent praticien, tr\u00e8s pr\u00e9sent aupr\u00e9s des patients, y compris apr\u00e8s l&#8217;intervention ( ce qui est plut\u00f4t rare). Un tr\u00e8s bon chirurgien et un vrai m\u00e9decin d&#8217;un point de vue humain, tr\u00e8s attentif et \u00e0 l&#8217;\u00e9coute.<br \/>\nToute son \u00e9quipe est \u00e0 l&#8217;avenant, et la clinique est tr\u00e8s agreable, l&#8217;accueil chaleureux. Les etablissements fran\u00e7ais sont vraiment tr\u00e8s loin de ce mod\u00e8le en terme de prise en charge de leurs patients.<br \/>\nJe ne peux que vivement recommander cet ensemble de qualit\u00e9.<\/p>\n                    <div class=\"de_testi_by no-margin\">\n\n                    \t\n\t\t\t\t\t\t<div >\n                        \tPatient &#8211; Provence-Alpes-C\u00f4te d&#8217;Azur, France, Liposuccion                        <\/div>\n\n                    <\/div>\n                <\/blockquote>\n\n            <\/div>\n        <\/div>\n                <div class=\"col-md-6 item\">\n            <div class=\"de_testi\">\n                <blockquote>\n                    <p><a class=\"review-subject\" href=\"https:\/\/www.estheticon.fr\/patients\/soso-zinah\/jai-eu-tres-peux-de-douleurs-i146923?utm_source=widget&amp;utm_medium=link&amp;utm_content=chedi-bali&amp;utm_campaign=reviews\" target=\"_blank\" rel=\"noopener noreferrer\">\u201cJ&#8217;ai eu tr\u00e8s peux de douleurs\u201d<\/a><\/p>\n<p>Bonjour \u00e0 tous je vient de me faire op\u00e9rer le 6 janvier 2016 dans une clinique en Tunisie suite \u00e0 une abdominoplastie.+ une luposussion l op\u00e9ration c est super bien d\u00e9rouler j ai eu tr\u00e8s peux de douleurs et le r\u00e9sultat est magnifique compar\u00e9 \u00e0 avant tous c est bien d\u00e9roul\u00e9 le travail fais part le docteur Mr Chedi bali. Rien \u00e0 dire je n est plus d ematomes travail tr\u00e8s soign\u00e9e et propre et tr\u00e8s a l \u00e9coute et super sympa merci \u00e0 Mr bali et son \u00e9quipe 100% r\u00e9ussi.<\/p>\n                    <div class=\"de_testi_by no-margin\">\n\n                    \t\n\t\t\t\t\t\t<div >\n                        \tSoso Zinah, Abdominoplastie                        <\/div>\n\n                    <\/div>\n                <\/blockquote>\n\n            <\/div>\n        <\/div>\n                <div class=\"col-md-6 item\">\n            <div class=\"de_testi\">\n                <blockquote>\n                    <p><a class=\"review-subject\" href=\"https:\/\/www.estheticon.fr\/patients\/312611\/un-excellent-chirurgien-tres-a-lecoute-i142778?utm_source=widget&amp;utm_medium=link&amp;utm_content=chedi-bali&amp;utm_campaign=reviews\" target=\"_blank\" rel=\"noopener noreferrer\">\u201cUn excellent chirurgien tr\u00e8s \u00e0 l&#8217;\u00e9coute\u201d<\/a><\/p>\n<p>Le Dr Baly est un excellent chirurgien tr\u00e8s \u00e0 l&#8217;\u00e9coute. Il donne de tr\u00e8s bons conseils quand aux op\u00e9rations que l&#8217;on souhaite faire et tr\u00e8s honn\u00eate.<br \/>\nJe suis tr\u00e8s contente du d\u00e9roulement de mon op\u00e9ration, de mon hospitalisation, toute l&#8217;\u00e9quipe est sympathique.<br \/>\nJe recommande Dr Baly !!!!<\/p>\n                    <div class=\"de_testi_by no-margin\">\n\n                    \t\n\t\t\t\t\t\t<div >\n                        \tPatient Centre-Val de Loire, France, Rhinoplastie                        <\/div>\n\n                    <\/div>\n                <\/blockquote>\n\n            <\/div>\n        <\/div>\n            <\/div>\n    <script type=\"text\/javascript\">\n    \tjQuery(document).ready(function() {\t\t\n\t\t\t'use strict';\n\t\t\tjQuery(\"#testimonial-carousel-69e172a0a4cf2\").owlCarousel({\n\t\t\t    items : 4,\n\t\t\t\titemsDesktop : [1199,2],\n\t\t\t\titemsDesktopSmall : [980,2],\n\t\t\t    itemsTablet: [768,1],\n\t\t\t    itemsTabletSmall: false,\n\t\t\t    itemsMobile : [479,1],\n\t\t\t    navigation : false,\n\t\t\t\tautoHeight : false,\n\t\t\t\tautoPlay : true,\n\t\t\t\tslideSpeed : 200,\n\t\t        paginationSpeed : 800,\n\t\t        rewindSpeed : 1000,\n\t\t   \t\tnavigationText : ['', ''],\n\t\t    });\n\t\t});\n    <\/script>\n[\/vc_column][\/vc_row][vc_row fullwidth=&#8221;yes&#8221; css=&#8221;.vc_custom_1442204580531{padding-top: 60px !important;padding-bottom: 60px !important;}&#8221; el_class=&#8221;call-to-action bg-color text-center&#8221;][vc_column]\t\t\t\n\t<!-- Element: OT Button --> \n\t\t\t<a href=\"#\" target=\"_self\" class=\"btn btn-line-black btn-big  \">Contactez Nous<\/a>\n\t    \n[\/vc_column][\/vc_row]<\/p>\n","protected":false},"excerpt":{"rendered":"<p>[vc_row css=&#8221;.vc_custom_1579341839712{padding-top: 90px !important;padding-bottom: 90px !important;background-image: url(http:\/\/drchedibali.com\/wp-content\/uploads\/2020\/01\/fat-footer-bg.jpg?id=1426) !important;background-position: center !important;background-repeat: no-repeat !important;background-size: cover !important;}&#8221; el_class=&#8221;text-light bg-fixed&#8221;][vc_column animate=&#8221;fadeinup&#8221;][\/vc_column][vc_column][\/vc_column][\/vc_row][vc_row fullwidth=&#8221;yes&#8221; css=&#8221;.vc_custom_1442204580531{padding-top: 60px !important;padding-bottom: 60px !important;}&#8221; el_class=&#8221;call-to-action bg-color text-center&#8221;][vc_column][\/vc_column][\/vc_row]<\/p>\n","protected":false},"author":1,"featured_media":0,"parent":0,"menu_order":0,"comment_status":"closed","ping_status":"closed","template":"page-templates\/template-fullwidth.php","meta":{"footnotes":""},"class_list":["post-1896","page","type-page","status-publish","hentry"],"yoast_head":"<!-- This site is optimized with the Yoast SEO plugin v27.3 - https:\/\/yoast.com\/product\/yoast-seo-wordpress\/ -->\n<title>Ont parl\u00e9 de nous - Dr Chedi Bali Chirurgien Esthetique et Plastique<\/title>\n<meta name=\"robots\" content=\"index, follow, max-snippet:-1, max-image-preview:large, max-video-preview:-1\" \/>\n<link rel=\"canonical\" href=\"https:\/\/drchedibali.com\/index.php\/temoignages\/\" \/>\n<meta property=\"og:locale\" content=\"fr_FR\" \/>\n<meta property=\"og:type\" content=\"article\" \/>\n<meta property=\"og:title\" content=\"Ont parl\u00e9 de nous - Dr Chedi Bali Chirurgien Esthetique et Plastique\" \/>\n<meta property=\"og:description\" content=\"[vc_row css=&#8221;.vc_custom_1579341839712{padding-top: 90px !important;padding-bottom: 90px !important;background-image: url(http:\/\/drchedibali.com\/wp-content\/uploads\/2020\/01\/fat-footer-bg.jpg?id=1426) !important;background-position: center !important;background-repeat: no-repeat !important;background-size: cover !important;}&#8221; el_class=&#8221;text-light bg-fixed&#8221;][vc_column animate=&#8221;fadeinup&#8221;][\/vc_column][vc_column][\/vc_column][\/vc_row][vc_row fullwidth=&#8221;yes&#8221; css=&#8221;.vc_custom_1442204580531{padding-top: 60px !important;padding-bottom: 60px !important;}&#8221; el_class=&#8221;call-to-action bg-color text-center&#8221;][vc_column][\/vc_column][\/vc_row]\" \/>\n<meta property=\"og:url\" content=\"https:\/\/drchedibali.com\/index.php\/temoignages\/\" \/>\n<meta property=\"og:site_name\" content=\"Dr Chedi Bali Chirurgien Esthetique et Plastique\" \/>\n<meta property=\"article:publisher\" content=\"https:\/\/www.facebook.com\/DocteurchediBALI\" \/>\n<meta property=\"article:modified_time\" content=\"2020-10-12T20:09:49+00:00\" \/>\n<meta name=\"twitter:card\" content=\"summary_large_image\" \/>\n<script type=\"application\/ld+json\" class=\"yoast-schema-graph\">{\"@context\":\"https:\\\/\\\/schema.org\",\"@graph\":[{\"@type\":\"WebPage\",\"@id\":\"https:\\\/\\\/drchedibali.com\\\/index.php\\\/temoignages\\\/\",\"url\":\"https:\\\/\\\/drchedibali.com\\\/index.php\\\/temoignages\\\/\",\"name\":\"Ont parl\u00e9 de nous - Dr Chedi Bali Chirurgien Esthetique et Plastique\",\"isPartOf\":{\"@id\":\"https:\\\/\\\/drchedibali.com\\\/#website\"},\"datePublished\":\"2020-10-12T19:52:09+00:00\",\"dateModified\":\"2020-10-12T20:09:49+00:00\",\"breadcrumb\":{\"@id\":\"https:\\\/\\\/drchedibali.com\\\/index.php\\\/temoignages\\\/#breadcrumb\"},\"inLanguage\":\"fr-FR\",\"potentialAction\":[{\"@type\":\"ReadAction\",\"target\":[\"https:\\\/\\\/drchedibali.com\\\/index.php\\\/temoignages\\\/\"]}]},{\"@type\":\"BreadcrumbList\",\"@id\":\"https:\\\/\\\/drchedibali.com\\\/index.php\\\/temoignages\\\/#breadcrumb\",\"itemListElement\":[{\"@type\":\"ListItem\",\"position\":1,\"name\":\"Accueil\",\"item\":\"https:\\\/\\\/drchedibali.com\\\/\"},{\"@type\":\"ListItem\",\"position\":2,\"name\":\"Ont parl\u00e9 de nous\"}]},{\"@type\":\"WebSite\",\"@id\":\"https:\\\/\\\/drchedibali.com\\\/#website\",\"url\":\"https:\\\/\\\/drchedibali.com\\\/\",\"name\":\"Dr Chedi Bali Chirurgien Esthetique et Plastique\",\"description\":\"Dr Chedi Bali Chirurgien Esthetique et Plastique\",\"potentialAction\":[{\"@type\":\"SearchAction\",\"target\":{\"@type\":\"EntryPoint\",\"urlTemplate\":\"https:\\\/\\\/drchedibali.com\\\/?s={search_term_string}\"},\"query-input\":{\"@type\":\"PropertyValueSpecification\",\"valueRequired\":true,\"valueName\":\"search_term_string\"}}],\"inLanguage\":\"fr-FR\"}]}<\/script>\n<!-- \/ Yoast SEO plugin. -->","yoast_head_json":{"title":"Ont parl\u00e9 de nous - Dr Chedi Bali Chirurgien Esthetique et Plastique","robots":{"index":"index","follow":"follow","max-snippet":"max-snippet:-1","max-image-preview":"max-image-preview:large","max-video-preview":"max-video-preview:-1"},"canonical":"https:\/\/drchedibali.com\/index.php\/temoignages\/","og_locale":"fr_FR","og_type":"article","og_title":"Ont parl\u00e9 de nous - Dr Chedi Bali Chirurgien Esthetique et Plastique","og_description":"[vc_row css=&#8221;.vc_custom_1579341839712{padding-top: 90px !important;padding-bottom: 90px !important;background-image: url(http:\/\/drchedibali.com\/wp-content\/uploads\/2020\/01\/fat-footer-bg.jpg?id=1426) !important;background-position: center !important;background-repeat: no-repeat !important;background-size: cover !important;}&#8221; el_class=&#8221;text-light bg-fixed&#8221;][vc_column animate=&#8221;fadeinup&#8221;][\/vc_column][vc_column][\/vc_column][\/vc_row][vc_row fullwidth=&#8221;yes&#8221; css=&#8221;.vc_custom_1442204580531{padding-top: 60px !important;padding-bottom: 60px !important;}&#8221; el_class=&#8221;call-to-action bg-color text-center&#8221;][vc_column][\/vc_column][\/vc_row]","og_url":"https:\/\/drchedibali.com\/index.php\/temoignages\/","og_site_name":"Dr Chedi Bali Chirurgien Esthetique et Plastique","article_publisher":"https:\/\/www.facebook.com\/DocteurchediBALI","article_modified_time":"2020-10-12T20:09:49+00:00","twitter_card":"summary_large_image","schema":{"@context":"https:\/\/schema.org","@graph":[{"@type":"WebPage","@id":"https:\/\/drchedibali.com\/index.php\/temoignages\/","url":"https:\/\/drchedibali.com\/index.php\/temoignages\/","name":"Ont parl\u00e9 de nous - Dr Chedi Bali Chirurgien Esthetique et Plastique","isPartOf":{"@id":"https:\/\/drchedibali.com\/#website"},"datePublished":"2020-10-12T19:52:09+00:00","dateModified":"2020-10-12T20:09:49+00:00","breadcrumb":{"@id":"https:\/\/drchedibali.com\/index.php\/temoignages\/#breadcrumb"},"inLanguage":"fr-FR","potentialAction":[{"@type":"ReadAction","target":["https:\/\/drchedibali.com\/index.php\/temoignages\/"]}]},{"@type":"BreadcrumbList","@id":"https:\/\/drchedibali.com\/index.php\/temoignages\/#breadcrumb","itemListElement":[{"@type":"ListItem","position":1,"name":"Accueil","item":"https:\/\/drchedibali.com\/"},{"@type":"ListItem","position":2,"name":"Ont parl\u00e9 de nous"}]},{"@type":"WebSite","@id":"https:\/\/drchedibali.com\/#website","url":"https:\/\/drchedibali.com\/","name":"Dr Chedi Bali Chirurgien Esthetique et Plastique","description":"Dr Chedi Bali Chirurgien Esthetique et Plastique","potentialAction":[{"@type":"SearchAction","target":{"@type":"EntryPoint","urlTemplate":"https:\/\/drchedibali.com\/?s={search_term_string}"},"query-input":{"@type":"PropertyValueSpecification","valueRequired":true,"valueName":"search_term_string"}}],"inLanguage":"fr-FR"}]}},"_links":{"self":[{"href":"https:\/\/drchedibali.com\/index.php\/wp-json\/wp\/v2\/pages\/1896","targetHints":{"allow":["GET"]}}],"collection":[{"href":"https:\/\/drchedibali.com\/index.php\/wp-json\/wp\/v2\/pages"}],"about":[{"href":"https:\/\/drchedibali.com\/index.php\/wp-json\/wp\/v2\/types\/page"}],"author":[{"embeddable":true,"href":"https:\/\/drchedibali.com\/index.php\/wp-json\/wp\/v2\/users\/1"}],"replies":[{"embeddable":true,"href":"https:\/\/drchedibali.com\/index.php\/wp-json\/wp\/v2\/comments?post=1896"}],"version-history":[{"count":4,"href":"https:\/\/drchedibali.com\/index.php\/wp-json\/wp\/v2\/pages\/1896\/revisions"}],"predecessor-version":[{"id":1898,"href":"https:\/\/drchedibali.com\/index.php\/wp-json\/wp\/v2\/pages\/1896\/revisions\/1898"}],"wp:attachment":[{"href":"https:\/\/drchedibali.com\/index.php\/wp-json\/wp\/v2\/media?parent=1896"}],"curies":[{"name":"wp","href":"https:\/\/api.w.org\/{rel}","templated":true}]}}