{"id":1994,"date":"2020-12-18T18:37:27","date_gmt":"2020-12-18T17:37:27","guid":{"rendered":"https:\/\/drchedibali.com\/?page_id=1994"},"modified":"2020-12-21T21:18:31","modified_gmt":"2020-12-21T20:18:31","slug":"devis","status":"publish","type":"page","link":"https:\/\/drchedibali.com\/index.php\/devis\/","title":{"rendered":"Devis En Ligne"},"content":{"rendered":"<p>[vc_row css=&#8221;.vc_custom_1438577300524{padding-bottom: 90px !important;}&#8221;][vc_column animate=&#8221;fadeinleft&#8221; wap_class=&#8221;wow fadeInUp&#8221; css=&#8221;.vc_custom_1608311455063{padding-top: 32px !important;}&#8221;]\n\t<!-- Element: OT Heading --> \t \n\t<h3 class=\"ot_custom_heading  \" style=\"\" >Demandez un devis (pour les non-r\u00e9sidents en Tunisie)<\/h3>\t\n[vc_separator color=&#8221;turquoise&#8221;][vc_column_text]cette rubrique est r\u00e9serv\u00e9e aux futurs (es) patients (es) qui d\u00e9sirent se d\u00e9placer de l\u2019\u00e9tranger pour \u00eatre pris (es) en charge directement par le docteur Chedi BALI et ne remplace pas la visite m\u00e9dicale directe qui sera \u00e9tablie en consultation en Tunisie afin de confirmer les indications op\u00e9ratoires finales.[\/vc_column_text]\n<div class=\"wpcf7 no-js\" id=\"wpcf7-f1993-o1\" lang=\"fr-FR\" dir=\"ltr\" data-wpcf7-id=\"1993\">\n<div class=\"screen-reader-response\"><p role=\"status\" aria-live=\"polite\" aria-atomic=\"true\"><\/p> <ul><\/ul><\/div>\n<form action=\"\/index.php\/wp-json\/wp\/v2\/pages\/1994#wpcf7-f1993-o1\" method=\"post\" class=\"wpcf7-form init\" aria-label=\"Formulaire de contact\" novalidate=\"novalidate\" data-status=\"init\">\n<fieldset class=\"hidden-fields-container\"><input type=\"hidden\" name=\"_wpcf7\" value=\"1993\" \/><input type=\"hidden\" name=\"_wpcf7_version\" value=\"6.1.5\" \/><input type=\"hidden\" name=\"_wpcf7_locale\" value=\"fr_FR\" \/><input type=\"hidden\" name=\"_wpcf7_unit_tag\" value=\"wpcf7-f1993-o1\" \/><input type=\"hidden\" name=\"_wpcf7_container_post\" value=\"0\" \/><input type=\"hidden\" name=\"_wpcf7_posted_data_hash\" value=\"\" \/><input type=\"hidden\" name=\"_wpcf7_recaptcha_response\" value=\"\" \/>\n<\/fieldset>\n<div class=\"row\">\n\t<div class=\"col-md-6\">\n\t\t<div>\n\t\t\t<p><label> <span class=\"wpcf7-form-control-wrap\" data-name=\"your-name\"><input size=\"40\" maxlength=\"400\" class=\"wpcf7-form-control wpcf7-text wpcf7-validates-as-required\" aria-required=\"true\" aria-invalid=\"false\" placeholder=\"Votre nom &amp; pr\u00e9nom\" value=\"\" type=\"text\" name=\"your-name\" \/><\/span> <\/label>\n\t\t\t<\/p>\n\t\t<\/div>\n\t\t<div>\n\t\t\t<p>Devise de payement<br \/>\n<label><span class=\"wpcf7-form-control-wrap\" data-name=\"Devise\"><select class=\"wpcf7-form-control wpcf7-select wpcf7-validates-as-required\" aria-required=\"true\" aria-invalid=\"false\" name=\"Devise\"><option value=\"$ US Dollar\">$ US Dollar<\/option><option value=\"\u00a3 Pound Sterling\">\u00a3 Pound Sterling<\/option><option value=\"\u20ac Euro\">\u20ac Euro<\/option><option value=\"C$ Canadian Dollar\">C$ Canadian Dollar<\/option><\/select><\/span><\/label>\n\t\t\t<\/p>\n\t\t<\/div>\n\t\t<div>\n\t\t\t<p><label> <span class=\"wpcf7-form-control-wrap\" data-name=\"your-email\"><input size=\"40\" maxlength=\"400\" class=\"wpcf7-form-control wpcf7-email wpcf7-validates-as-required wpcf7-text wpcf7-validates-as-email\" aria-required=\"true\" aria-invalid=\"false\" placeholder=\"Votre adresse de messagerie*\" value=\"\" type=\"email\" name=\"your-email\" \/><\/span> <\/label>\n\t\t\t<\/p>\n\t\t<\/div>\n\t\t<div>\n\t\t\t<p><label> <span class=\"wpcf7-form-control-wrap\" data-name=\"Remarque\"><textarea cols=\"40\" rows=\"10\" maxlength=\"2000\" class=\"wpcf7-form-control wpcf7-textarea\" aria-invalid=\"false\" placeholder=\"Remarques &amp; Commentaires\" name=\"Remarque\"><\/textarea><\/span> <\/label>\n\t\t\t<\/p>\n\t\t<\/div>\n\t<\/div>\n\t<div>\n\t\t<p>Traitement d\u00e9sir\u00e9 Silhouette<br \/>\n<span class=\"wpcf7-form-control-wrap\" data-name=\"checkbox-809\"><span class=\"wpcf7-form-control wpcf7-checkbox\"><span class=\"wpcf7-list-item first\"><label><input type=\"checkbox\" name=\"checkbox-809[]\" value=\"Liposuccion\" \/><span class=\"wpcf7-list-item-label\">Liposuccion<\/span><\/label><\/span><span class=\"wpcf7-list-item\"><label><input type=\"checkbox\" name=\"checkbox-809[]\" value=\"Liposuccion aux ultra-sons\" \/><span class=\"wpcf7-list-item-label\">Liposuccion aux ultra-sons<\/span><\/label><\/span><span class=\"wpcf7-list-item\"><label><input type=\"checkbox\" name=\"checkbox-809[]\" value=\"Abdominoplastie\" \/><span class=\"wpcf7-list-item-label\">Abdominoplastie<\/span><\/label><\/span><span class=\"wpcf7-list-item\"><label><input type=\"checkbox\" name=\"checkbox-809[]\" value=\"Augmentation des fesses\" \/><span class=\"wpcf7-list-item-label\">Augmentation des fesses<\/span><\/label><\/span><span class=\"wpcf7-list-item\"><label><input type=\"checkbox\" name=\"checkbox-809[]\" value=\"Gyn\u00e9comastie\" \/><span class=\"wpcf7-list-item-label\">Gyn\u00e9comastie<\/span><\/label><\/span><span class=\"wpcf7-list-item\"><label><input type=\"checkbox\" name=\"checkbox-809[]\" value=\"Lifting des bras\" \/><span class=\"wpcf7-list-item-label\">Lifting des bras<\/span><\/label><\/span><span class=\"wpcf7-list-item\"><label><input type=\"checkbox\" name=\"checkbox-809[]\" value=\"Lifting des cuisses\" \/><span class=\"wpcf7-list-item-label\">Lifting des cuisses<\/span><\/label><\/span><span class=\"wpcf7-list-item last\"><label><input type=\"checkbox\" name=\"checkbox-809[]\" value=\"Augmentation des mollets\" \/><span class=\"wpcf7-list-item-label\">Augmentation des mollets<\/span><\/label><\/span><\/span><\/span>\n\t\t<\/p>\n\t<\/div>\n\t<div>\n\t\t<p>Traitement d\u00e9sir\u00e9 Seins<br \/>\n<span class=\"wpcf7-form-control-wrap\" data-name=\"checkbox-443\"><span class=\"wpcf7-form-control wpcf7-checkbox\"><span class=\"wpcf7-list-item first\"><label><input type=\"checkbox\" name=\"checkbox-443[]\" value=\"Augmentation\" \/><span class=\"wpcf7-list-item-label\">Augmentation<\/span><\/label><\/span><span class=\"wpcf7-list-item last\"><label><input type=\"checkbox\" name=\"checkbox-443[]\" value=\"Lifting\" \/><span class=\"wpcf7-list-item-label\">Lifting<\/span><\/label><\/span><\/span><\/span>\n\t\t<\/p>\n\t<\/div>\n\t<div>\n\t\t<p>Traitement d\u00e9sir\u00e9 Face<br \/>\n<span class=\"wpcf7-form-control-wrap\" data-name=\"checkbox-327\"><span class=\"wpcf7-form-control wpcf7-checkbox\"><span class=\"wpcf7-list-item first\"><label><input type=\"checkbox\" name=\"checkbox-327[]\" value=\"Rhinoplastie\" \/><span class=\"wpcf7-list-item-label\">Rhinoplastie<\/span><\/label><\/span><span class=\"wpcf7-list-item\"><label><input type=\"checkbox\" name=\"checkbox-327[]\" value=\"Bl\u00e9pharoplastie\" \/><span class=\"wpcf7-list-item-label\">Bl\u00e9pharoplastie<\/span><\/label><\/span><span class=\"wpcf7-list-item\"><label><input type=\"checkbox\" name=\"checkbox-327[]\" value=\"Oreilles d\u00e9coll\u00e9es\" \/><span class=\"wpcf7-list-item-label\">Oreilles d\u00e9coll\u00e9es<\/span><\/label><\/span><span class=\"wpcf7-list-item\"><label><input type=\"checkbox\" name=\"checkbox-327[]\" value=\"Lifting cervico-facial\" \/><span class=\"wpcf7-list-item-label\">Lifting cervico-facial<\/span><\/label><\/span><span class=\"wpcf7-list-item\"><label><input type=\"checkbox\" name=\"checkbox-327[]\" value=\"Greffe des cheveux\" \/><span class=\"wpcf7-list-item-label\">Greffe des cheveux<\/span><\/label><\/span><span class=\"wpcf7-list-item\"><label><input type=\"checkbox\" name=\"checkbox-327[]\" value=\"Lifting temporal\" \/><span class=\"wpcf7-list-item-label\">Lifting temporal<\/span><\/label><\/span><span class=\"wpcf7-list-item last\"><label><input type=\"checkbox\" name=\"checkbox-327[]\" value=\"G\u00e9nioplastie\" \/><span class=\"wpcf7-list-item-label\">G\u00e9nioplastie<\/span><\/label><\/span><\/span><\/span>\n\t\t<\/p>\n\t<\/div>\n\t<div>\n\t\t<p>Traitement d\u00e9sir\u00e9 Parties Intimes<br \/>\n<span class=\"wpcf7-form-control-wrap\" data-name=\"checkbox-900\"><span class=\"wpcf7-form-control wpcf7-checkbox\"><span class=\"wpcf7-list-item first\"><label><input type=\"checkbox\" name=\"checkbox-900[]\" value=\"P\u00e9noplastie\" \/><span class=\"wpcf7-list-item-label\">P\u00e9noplastie<\/span><\/label><\/span><span class=\"wpcf7-list-item\"><label><input type=\"checkbox\" name=\"checkbox-900[]\" value=\"Hyeanoplastie Vaginoplastie\" \/><span class=\"wpcf7-list-item-label\">Hyeanoplastie Vaginoplastie<\/span><\/label><\/span><span class=\"wpcf7-list-item last\"><label><input type=\"checkbox\" name=\"checkbox-900[]\" value=\"Nymphoplastie\" \/><span class=\"wpcf7-list-item-label\">Nymphoplastie<\/span><\/label><\/span><\/span><\/span>\n\t\t<\/p>\n\t<\/div>\n\t<div>\n\t\t<p id=\"submit\"><input class=\"wpcf7-form-control wpcf7-submit has-spinner btn btn-line\" type=\"submit\" value=\"Envoyer\" \/>\n\t\t<\/p>\n\t<\/div>\n<\/div>\n\n<div class=\"wpcf7-response-output\" aria-hidden=\"true\"><\/div>\n<\/form>\n<\/div>\n[\/vc_column][\/vc_row]<\/p>\n","protected":false},"excerpt":{"rendered":"<p>[vc_row css=&#8221;.vc_custom_1438577300524{padding-bottom: 90px !important;}&#8221;][vc_column animate=&#8221;fadeinleft&#8221; wap_class=&#8221;wow fadeInUp&#8221; css=&#8221;.vc_custom_1608311455063{padding-top: 32px !important;}&#8221;][vc_separator color=&#8221;turquoise&#8221;][vc_column_text]cette rubrique est r\u00e9serv\u00e9e aux futurs (es) patients (es) qui d\u00e9sirent se d\u00e9placer de l\u2019\u00e9tranger pour \u00eatre pris (es) en charge directement par le docteur Chedi BALI et ne remplace pas la visite m\u00e9dicale directe qui sera \u00e9tablie en consultation en Tunisie afin de confirmer [&hellip;]<\/p>\n","protected":false},"author":1,"featured_media":0,"parent":0,"menu_order":0,"comment_status":"closed","ping_status":"closed","template":"page-templates\/template-fullwidth.php","meta":{"footnotes":""},"class_list":["post-1994","page","type-page","status-publish","hentry"],"yoast_head":"<!-- This site is optimized with the Yoast SEO plugin v27.3 - https:\/\/yoast.com\/product\/yoast-seo-wordpress\/ -->\n<title>Devis En Ligne - Dr Chedi Bali Chirurgien Esthetique et Plastique<\/title>\n<meta name=\"robots\" content=\"index, follow, max-snippet:-1, max-image-preview:large, max-video-preview:-1\" \/>\n<link rel=\"canonical\" href=\"https:\/\/drchedibali.com\/index.php\/devis\/\" \/>\n<meta property=\"og:locale\" content=\"fr_FR\" \/>\n<meta property=\"og:type\" content=\"article\" \/>\n<meta property=\"og:title\" content=\"Devis En Ligne - Dr Chedi Bali Chirurgien Esthetique et Plastique\" \/>\n<meta property=\"og:description\" content=\"[vc_row css=&#8221;.vc_custom_1438577300524{padding-bottom: 90px !important;}&#8221;][vc_column animate=&#8221;fadeinleft&#8221; wap_class=&#8221;wow fadeInUp&#8221; css=&#8221;.vc_custom_1608311455063{padding-top: 32px !important;}&#8221;][vc_separator color=&#8221;turquoise&#8221;][vc_column_text]cette rubrique est r\u00e9serv\u00e9e aux futurs (es) patients (es) qui d\u00e9sirent se d\u00e9placer de l\u2019\u00e9tranger pour \u00eatre pris (es) en charge directement par le docteur Chedi BALI et ne remplace pas la visite m\u00e9dicale directe qui sera \u00e9tablie en consultation en Tunisie afin de confirmer [&hellip;]\" \/>\n<meta property=\"og:url\" content=\"https:\/\/drchedibali.com\/index.php\/devis\/\" \/>\n<meta property=\"og:site_name\" content=\"Dr Chedi Bali Chirurgien Esthetique et Plastique\" \/>\n<meta property=\"article:publisher\" content=\"https:\/\/www.facebook.com\/DocteurchediBALI\" \/>\n<meta property=\"article:modified_time\" content=\"2020-12-21T20:18:31+00:00\" \/>\n<meta name=\"twitter:card\" content=\"summary_large_image\" \/>\n<meta name=\"twitter:label1\" content=\"Dur\u00e9e de lecture estim\u00e9e\" \/>\n\t<meta name=\"twitter:data1\" content=\"1 minute\" \/>\n<script type=\"application\/ld+json\" class=\"yoast-schema-graph\">{\"@context\":\"https:\\\/\\\/schema.org\",\"@graph\":[{\"@type\":\"WebPage\",\"@id\":\"https:\\\/\\\/drchedibali.com\\\/index.php\\\/devis\\\/\",\"url\":\"https:\\\/\\\/drchedibali.com\\\/index.php\\\/devis\\\/\",\"name\":\"Devis En Ligne - Dr Chedi Bali Chirurgien Esthetique et Plastique\",\"isPartOf\":{\"@id\":\"https:\\\/\\\/drchedibali.com\\\/#website\"},\"datePublished\":\"2020-12-18T17:37:27+00:00\",\"dateModified\":\"2020-12-21T20:18:31+00:00\",\"breadcrumb\":{\"@id\":\"https:\\\/\\\/drchedibali.com\\\/index.php\\\/devis\\\/#breadcrumb\"},\"inLanguage\":\"fr-FR\",\"potentialAction\":[{\"@type\":\"ReadAction\",\"target\":[\"https:\\\/\\\/drchedibali.com\\\/index.php\\\/devis\\\/\"]}]},{\"@type\":\"BreadcrumbList\",\"@id\":\"https:\\\/\\\/drchedibali.com\\\/index.php\\\/devis\\\/#breadcrumb\",\"itemListElement\":[{\"@type\":\"ListItem\",\"position\":1,\"name\":\"Accueil\",\"item\":\"https:\\\/\\\/drchedibali.com\\\/\"},{\"@type\":\"ListItem\",\"position\":2,\"name\":\"Devis En Ligne\"}]},{\"@type\":\"WebSite\",\"@id\":\"https:\\\/\\\/drchedibali.com\\\/#website\",\"url\":\"https:\\\/\\\/drchedibali.com\\\/\",\"name\":\"Dr Chedi Bali Chirurgien Esthetique et Plastique\",\"description\":\"Dr Chedi Bali Chirurgien Esthetique et Plastique\",\"potentialAction\":[{\"@type\":\"SearchAction\",\"target\":{\"@type\":\"EntryPoint\",\"urlTemplate\":\"https:\\\/\\\/drchedibali.com\\\/?s={search_term_string}\"},\"query-input\":{\"@type\":\"PropertyValueSpecification\",\"valueRequired\":true,\"valueName\":\"search_term_string\"}}],\"inLanguage\":\"fr-FR\"}]}<\/script>\n<!-- \/ Yoast SEO plugin. -->","yoast_head_json":{"title":"Devis En Ligne - Dr Chedi Bali Chirurgien Esthetique et Plastique","robots":{"index":"index","follow":"follow","max-snippet":"max-snippet:-1","max-image-preview":"max-image-preview:large","max-video-preview":"max-video-preview:-1"},"canonical":"https:\/\/drchedibali.com\/index.php\/devis\/","og_locale":"fr_FR","og_type":"article","og_title":"Devis En Ligne - Dr Chedi Bali Chirurgien Esthetique et Plastique","og_description":"[vc_row css=&#8221;.vc_custom_1438577300524{padding-bottom: 90px !important;}&#8221;][vc_column animate=&#8221;fadeinleft&#8221; wap_class=&#8221;wow fadeInUp&#8221; css=&#8221;.vc_custom_1608311455063{padding-top: 32px !important;}&#8221;][vc_separator color=&#8221;turquoise&#8221;][vc_column_text]cette rubrique est r\u00e9serv\u00e9e aux futurs (es) patients (es) qui d\u00e9sirent se d\u00e9placer de l\u2019\u00e9tranger pour \u00eatre pris (es) en charge directement par le docteur Chedi BALI et ne remplace pas la visite m\u00e9dicale directe qui sera \u00e9tablie en consultation en Tunisie afin de confirmer [&hellip;]","og_url":"https:\/\/drchedibali.com\/index.php\/devis\/","og_site_name":"Dr Chedi Bali Chirurgien Esthetique et Plastique","article_publisher":"https:\/\/www.facebook.com\/DocteurchediBALI","article_modified_time":"2020-12-21T20:18:31+00:00","twitter_card":"summary_large_image","twitter_misc":{"Dur\u00e9e de lecture estim\u00e9e":"1 minute"},"schema":{"@context":"https:\/\/schema.org","@graph":[{"@type":"WebPage","@id":"https:\/\/drchedibali.com\/index.php\/devis\/","url":"https:\/\/drchedibali.com\/index.php\/devis\/","name":"Devis En Ligne - Dr Chedi Bali Chirurgien Esthetique et Plastique","isPartOf":{"@id":"https:\/\/drchedibali.com\/#website"},"datePublished":"2020-12-18T17:37:27+00:00","dateModified":"2020-12-21T20:18:31+00:00","breadcrumb":{"@id":"https:\/\/drchedibali.com\/index.php\/devis\/#breadcrumb"},"inLanguage":"fr-FR","potentialAction":[{"@type":"ReadAction","target":["https:\/\/drchedibali.com\/index.php\/devis\/"]}]},{"@type":"BreadcrumbList","@id":"https:\/\/drchedibali.com\/index.php\/devis\/#breadcrumb","itemListElement":[{"@type":"ListItem","position":1,"name":"Accueil","item":"https:\/\/drchedibali.com\/"},{"@type":"ListItem","position":2,"name":"Devis En Ligne"}]},{"@type":"WebSite","@id":"https:\/\/drchedibali.com\/#website","url":"https:\/\/drchedibali.com\/","name":"Dr Chedi Bali Chirurgien Esthetique et Plastique","description":"Dr Chedi Bali Chirurgien Esthetique et Plastique","potentialAction":[{"@type":"SearchAction","target":{"@type":"EntryPoint","urlTemplate":"https:\/\/drchedibali.com\/?s={search_term_string}"},"query-input":{"@type":"PropertyValueSpecification","valueRequired":true,"valueName":"search_term_string"}}],"inLanguage":"fr-FR"}]}},"_links":{"self":[{"href":"https:\/\/drchedibali.com\/index.php\/wp-json\/wp\/v2\/pages\/1994","targetHints":{"allow":["GET"]}}],"collection":[{"href":"https:\/\/drchedibali.com\/index.php\/wp-json\/wp\/v2\/pages"}],"about":[{"href":"https:\/\/drchedibali.com\/index.php\/wp-json\/wp\/v2\/types\/page"}],"author":[{"embeddable":true,"href":"https:\/\/drchedibali.com\/index.php\/wp-json\/wp\/v2\/users\/1"}],"replies":[{"embeddable":true,"href":"https:\/\/drchedibali.com\/index.php\/wp-json\/wp\/v2\/comments?post=1994"}],"version-history":[{"count":5,"href":"https:\/\/drchedibali.com\/index.php\/wp-json\/wp\/v2\/pages\/1994\/revisions"}],"predecessor-version":[{"id":2001,"href":"https:\/\/drchedibali.com\/index.php\/wp-json\/wp\/v2\/pages\/1994\/revisions\/2001"}],"wp:attachment":[{"href":"https:\/\/drchedibali.com\/index.php\/wp-json\/wp\/v2\/media?parent=1994"}],"curies":[{"name":"wp","href":"https:\/\/api.w.org\/{rel}","templated":true}]}}