{"id":2017,"date":"2020-12-31T09:39:00","date_gmt":"2020-12-31T08:39:00","guid":{"rendered":"https:\/\/drchedibali.com\/?page_id=2017"},"modified":"2020-12-31T09:39:00","modified_gmt":"2020-12-31T08:39:00","slug":"prise-de-rendez-vous","status":"publish","type":"page","link":"https:\/\/drchedibali.com\/index.php\/prise-de-rendez-vous\/","title":{"rendered":"Prise de rendez vous"},"content":{"rendered":"<p>[vc_row css=&#8221;.vc_custom_1438577300524{padding-bottom: 90px !important;}&#8221;][vc_column animate=&#8221;fadeinleft&#8221; wap_class=&#8221;wow fadeInUp&#8221; css=&#8221;.vc_custom_1608311455063{padding-top: 32px !important;}&#8221;]\n\t<!-- Element: OT Heading --> \t \n\t<h3 class=\"ot_custom_heading  \" style=\"\" >Proposez une p\u00e9riode de disponibilit\u00e9 ici, Dr Chedi BALI vous r\u00e9pond .<\/h3>\t\n[vc_separator color=&#8221;turquoise&#8221;]\n<div class=\"wpcf7 no-js\" id=\"wpcf7-f2015-o1\" lang=\"en-US\" dir=\"ltr\" data-wpcf7-id=\"2015\">\n<div class=\"screen-reader-response\"><p role=\"status\" aria-live=\"polite\" aria-atomic=\"true\"><\/p> <ul><\/ul><\/div>\n<form action=\"\/index.php\/wp-json\/wp\/v2\/pages\/2017#wpcf7-f2015-o1\" method=\"post\" class=\"wpcf7-form init\" aria-label=\"Contact form\" novalidate=\"novalidate\" data-status=\"init\">\n<fieldset class=\"hidden-fields-container\"><input type=\"hidden\" name=\"_wpcf7\" value=\"2015\" \/><input type=\"hidden\" name=\"_wpcf7_version\" value=\"6.1.5\" \/><input type=\"hidden\" name=\"_wpcf7_locale\" value=\"en_US\" \/><input type=\"hidden\" name=\"_wpcf7_unit_tag\" value=\"wpcf7-f2015-o1\" \/><input type=\"hidden\" name=\"_wpcf7_container_post\" value=\"0\" \/><input type=\"hidden\" name=\"_wpcf7_posted_data_hash\" value=\"\" \/><input type=\"hidden\" name=\"_wpcf7_recaptcha_response\" value=\"\" \/>\n<\/fieldset>\n<div class=\"row\">\n\t<div class=\"col-md-4\">\n\t\t<div>\n\t\t\t<p><span class=\"wpcf7-form-control-wrap\" data-name=\"your-name\"><input size=\"40\" maxlength=\"400\" class=\"wpcf7-form-control wpcf7-text wpcf7-validates-as-required\" aria-required=\"true\" aria-invalid=\"false\" placeholder=\"Votre Nom &amp; Pr\u00e9nom\" value=\"\" type=\"text\" name=\"your-name\" \/><\/span>\n\t\t\t<\/p>\n\t\t<\/div>\n\t\t<div>\n\t\t\t<p><span class=\"wpcf7-form-control-wrap\" data-name=\"email-453\"><input size=\"40\" maxlength=\"400\" class=\"wpcf7-form-control wpcf7-email wpcf7-validates-as-required wpcf7-text wpcf7-validates-as-email\" aria-required=\"true\" aria-invalid=\"false\" placeholder=\"Votre Email\" value=\"\" type=\"email\" name=\"email-453\" \/><\/span>\n\t\t\t<\/p>\n\t\t<\/div>\n\t\t<div>\n\t\t\t<p><span class=\"wpcf7-form-control-wrap\" data-name=\"tel-565\"><input size=\"40\" maxlength=\"400\" class=\"wpcf7-form-control wpcf7-tel wpcf7-validates-as-required wpcf7-text wpcf7-validates-as-tel\" aria-required=\"true\" aria-invalid=\"false\" placeholder=\"Votre N\u00b0 T\u00e9l\u00e9phone\" value=\"\" type=\"tel\" name=\"tel-565\" \/><\/span>\n\t\t\t<\/p>\n\t\t<\/div>\n\t<\/div>\n\t<div class=\"col-md-8\">\n\t\t<p>Veuillez mentionner la p\u00e9riode de votre disponibilit\u00e9 notre secr\u00e9tariat vous proposera un rendez vous\n\t\t<\/p>\n\t\t<div>\n\t\t\t<p><span class=\"wpcf7-form-control-wrap\" data-name=\"message\"><textarea cols=\"40\" rows=\"10\" maxlength=\"2000\" class=\"wpcf7-form-control wpcf7-textarea wpcf7-validates-as-required\" aria-required=\"true\" aria-invalid=\"false\" placeholder=\"Vos Remarques\" name=\"message\"><\/textarea><\/span>\n\t\t\t<\/p>\n\t\t<\/div>\n\t<\/div>\n\t<div class=\"col-md-12\">\n\t\t<p id=\"submit\"><input class=\"wpcf7-form-control wpcf7-submit has-spinner btn btn-line\" type=\"submit\" value=\"Submit Form\" \/>\n\t\t<\/p>\n\t<\/div>\n<\/div><div class=\"wpcf7-response-output\" aria-hidden=\"true\"><\/div>\n<\/form>\n<\/div>\n[\/vc_column][\/vc_row]<\/p>\n","protected":false},"excerpt":{"rendered":"<p>[vc_row css=&#8221;.vc_custom_1438577300524{padding-bottom: 90px !important;}&#8221;][vc_column animate=&#8221;fadeinleft&#8221; wap_class=&#8221;wow fadeInUp&#8221; css=&#8221;.vc_custom_1608311455063{padding-top: 32px !important;}&#8221;][vc_separator color=&#8221;turquoise&#8221;][\/vc_column][\/vc_row]<\/p>\n","protected":false},"author":1,"featured_media":0,"parent":0,"menu_order":0,"comment_status":"closed","ping_status":"closed","template":"page-templates\/template-fullwidth.php","meta":{"footnotes":""},"class_list":["post-2017","page","type-page","status-publish","hentry"],"yoast_head":"<!-- This site is optimized with the Yoast SEO plugin v27.3 - https:\/\/yoast.com\/product\/yoast-seo-wordpress\/ -->\n<title>Prise de rendez vous - Dr Chedi Bali Chirurgien Esthetique et Plastique<\/title>\n<meta name=\"robots\" content=\"index, follow, max-snippet:-1, max-image-preview:large, max-video-preview:-1\" \/>\n<link rel=\"canonical\" href=\"https:\/\/drchedibali.com\/index.php\/prise-de-rendez-vous\/\" \/>\n<meta property=\"og:locale\" content=\"fr_FR\" \/>\n<meta property=\"og:type\" content=\"article\" \/>\n<meta property=\"og:title\" content=\"Prise de rendez vous - Dr Chedi Bali Chirurgien Esthetique et Plastique\" \/>\n<meta property=\"og:description\" content=\"[vc_row css=&#8221;.vc_custom_1438577300524{padding-bottom: 90px !important;}&#8221;][vc_column animate=&#8221;fadeinleft&#8221; wap_class=&#8221;wow fadeInUp&#8221; css=&#8221;.vc_custom_1608311455063{padding-top: 32px !important;}&#8221;][vc_separator color=&#8221;turquoise&#8221;][\/vc_column][\/vc_row]\" \/>\n<meta property=\"og:url\" content=\"https:\/\/drchedibali.com\/index.php\/prise-de-rendez-vous\/\" \/>\n<meta property=\"og:site_name\" content=\"Dr Chedi Bali Chirurgien Esthetique et Plastique\" \/>\n<meta property=\"article:publisher\" content=\"https:\/\/www.facebook.com\/DocteurchediBALI\" \/>\n<meta name=\"twitter:card\" content=\"summary_large_image\" \/>\n<script type=\"application\/ld+json\" class=\"yoast-schema-graph\">{\"@context\":\"https:\\\/\\\/schema.org\",\"@graph\":[{\"@type\":\"WebPage\",\"@id\":\"https:\\\/\\\/drchedibali.com\\\/index.php\\\/prise-de-rendez-vous\\\/\",\"url\":\"https:\\\/\\\/drchedibali.com\\\/index.php\\\/prise-de-rendez-vous\\\/\",\"name\":\"Prise de rendez vous - Dr Chedi Bali Chirurgien Esthetique et Plastique\",\"isPartOf\":{\"@id\":\"https:\\\/\\\/drchedibali.com\\\/#website\"},\"datePublished\":\"2020-12-31T08:39:00+00:00\",\"breadcrumb\":{\"@id\":\"https:\\\/\\\/drchedibali.com\\\/index.php\\\/prise-de-rendez-vous\\\/#breadcrumb\"},\"inLanguage\":\"fr-FR\",\"potentialAction\":[{\"@type\":\"ReadAction\",\"target\":[\"https:\\\/\\\/drchedibali.com\\\/index.php\\\/prise-de-rendez-vous\\\/\"]}]},{\"@type\":\"BreadcrumbList\",\"@id\":\"https:\\\/\\\/drchedibali.com\\\/index.php\\\/prise-de-rendez-vous\\\/#breadcrumb\",\"itemListElement\":[{\"@type\":\"ListItem\",\"position\":1,\"name\":\"Accueil\",\"item\":\"https:\\\/\\\/drchedibali.com\\\/\"},{\"@type\":\"ListItem\",\"position\":2,\"name\":\"Prise de rendez vous\"}]},{\"@type\":\"WebSite\",\"@id\":\"https:\\\/\\\/drchedibali.com\\\/#website\",\"url\":\"https:\\\/\\\/drchedibali.com\\\/\",\"name\":\"Dr Chedi Bali Chirurgien Esthetique et Plastique\",\"description\":\"Dr Chedi Bali Chirurgien Esthetique et Plastique\",\"potentialAction\":[{\"@type\":\"SearchAction\",\"target\":{\"@type\":\"EntryPoint\",\"urlTemplate\":\"https:\\\/\\\/drchedibali.com\\\/?s={search_term_string}\"},\"query-input\":{\"@type\":\"PropertyValueSpecification\",\"valueRequired\":true,\"valueName\":\"search_term_string\"}}],\"inLanguage\":\"fr-FR\"}]}<\/script>\n<!-- \/ Yoast SEO plugin. -->","yoast_head_json":{"title":"Prise de rendez vous - Dr Chedi Bali Chirurgien Esthetique et Plastique","robots":{"index":"index","follow":"follow","max-snippet":"max-snippet:-1","max-image-preview":"max-image-preview:large","max-video-preview":"max-video-preview:-1"},"canonical":"https:\/\/drchedibali.com\/index.php\/prise-de-rendez-vous\/","og_locale":"fr_FR","og_type":"article","og_title":"Prise de rendez vous - Dr Chedi Bali Chirurgien Esthetique et Plastique","og_description":"[vc_row css=&#8221;.vc_custom_1438577300524{padding-bottom: 90px !important;}&#8221;][vc_column animate=&#8221;fadeinleft&#8221; wap_class=&#8221;wow fadeInUp&#8221; css=&#8221;.vc_custom_1608311455063{padding-top: 32px !important;}&#8221;][vc_separator color=&#8221;turquoise&#8221;][\/vc_column][\/vc_row]","og_url":"https:\/\/drchedibali.com\/index.php\/prise-de-rendez-vous\/","og_site_name":"Dr Chedi Bali Chirurgien Esthetique et Plastique","article_publisher":"https:\/\/www.facebook.com\/DocteurchediBALI","twitter_card":"summary_large_image","schema":{"@context":"https:\/\/schema.org","@graph":[{"@type":"WebPage","@id":"https:\/\/drchedibali.com\/index.php\/prise-de-rendez-vous\/","url":"https:\/\/drchedibali.com\/index.php\/prise-de-rendez-vous\/","name":"Prise de rendez vous - Dr Chedi Bali Chirurgien Esthetique et Plastique","isPartOf":{"@id":"https:\/\/drchedibali.com\/#website"},"datePublished":"2020-12-31T08:39:00+00:00","breadcrumb":{"@id":"https:\/\/drchedibali.com\/index.php\/prise-de-rendez-vous\/#breadcrumb"},"inLanguage":"fr-FR","potentialAction":[{"@type":"ReadAction","target":["https:\/\/drchedibali.com\/index.php\/prise-de-rendez-vous\/"]}]},{"@type":"BreadcrumbList","@id":"https:\/\/drchedibali.com\/index.php\/prise-de-rendez-vous\/#breadcrumb","itemListElement":[{"@type":"ListItem","position":1,"name":"Accueil","item":"https:\/\/drchedibali.com\/"},{"@type":"ListItem","position":2,"name":"Prise de rendez vous"}]},{"@type":"WebSite","@id":"https:\/\/drchedibali.com\/#website","url":"https:\/\/drchedibali.com\/","name":"Dr Chedi Bali Chirurgien Esthetique et Plastique","description":"Dr Chedi Bali Chirurgien Esthetique et Plastique","potentialAction":[{"@type":"SearchAction","target":{"@type":"EntryPoint","urlTemplate":"https:\/\/drchedibali.com\/?s={search_term_string}"},"query-input":{"@type":"PropertyValueSpecification","valueRequired":true,"valueName":"search_term_string"}}],"inLanguage":"fr-FR"}]}},"_links":{"self":[{"href":"https:\/\/drchedibali.com\/index.php\/wp-json\/wp\/v2\/pages\/2017","targetHints":{"allow":["GET"]}}],"collection":[{"href":"https:\/\/drchedibali.com\/index.php\/wp-json\/wp\/v2\/pages"}],"about":[{"href":"https:\/\/drchedibali.com\/index.php\/wp-json\/wp\/v2\/types\/page"}],"author":[{"embeddable":true,"href":"https:\/\/drchedibali.com\/index.php\/wp-json\/wp\/v2\/users\/1"}],"replies":[{"embeddable":true,"href":"https:\/\/drchedibali.com\/index.php\/wp-json\/wp\/v2\/comments?post=2017"}],"version-history":[{"count":2,"href":"https:\/\/drchedibali.com\/index.php\/wp-json\/wp\/v2\/pages\/2017\/revisions"}],"predecessor-version":[{"id":2021,"href":"https:\/\/drchedibali.com\/index.php\/wp-json\/wp\/v2\/pages\/2017\/revisions\/2021"}],"wp:attachment":[{"href":"https:\/\/drchedibali.com\/index.php\/wp-json\/wp\/v2\/media?parent=2017"}],"curies":[{"name":"wp","href":"https:\/\/api.w.org\/{rel}","templated":true}]}}