{"id":229,"date":"2015-07-27T03:29:01","date_gmt":"2015-07-27T03:29:01","guid":{"rendered":"http:\/\/demo.vegatheme.com\/archilight\/?page_id=229"},"modified":"2020-10-12T22:43:37","modified_gmt":"2020-10-12T20:43:37","slug":"presence-mediatique","status":"publish","type":"page","link":"https:\/\/drchedibali.com\/index.php\/presence-mediatique\/","title":{"rendered":"Passage dans les m\u00e9dias"},"content":{"rendered":"<p>[vc_row css=&#8221;.vc_custom_1602535310062{padding-top: 90px !important;padding-bottom: 90px !important;background-image: url(http:\/\/drchedibali.com\/wp-content\/uploads\/2020\/01\/fat-footer-bg.jpg?id=1426) !important;background-position: center !important;background-repeat: no-repeat !important;background-size: cover !important;}&#8221; el_class=&#8221;text-light bg-fixed&#8221;][vc_column animate=&#8221;fadeinup&#8221;][vc_row_inner][vc_column_inner width=&#8221;1\/2&#8243;][vc_images_carousel images=&#8221;1733,1734,1735,1736&#8243; img_size=&#8221;full&#8221; autoplay=&#8221;yes&#8221; wrap=&#8221;yes&#8221; title=&#8221;Article Sp\u00e9cial Dans La Presse Magazine&#8221;][vc_single_image image=&#8221;1656&#8243; img_size=&#8221;full&#8221; title=&#8221;Radio Culturelle&#8221;][\/vc_column_inner][vc_column_inner width=&#8221;1\/2&#8243;][vc_video link=&#8221;https:\/\/youtu.be\/35rO36zcpBg&#8221; title=&#8221;Emission Khalik Matinal Elhiwar ElTounsi&#8221;][vc_video link=&#8221;https:\/\/youtu.be\/UwkCATwHNKo&#8221; title=&#8221;Passage sur Telvza TV&#8221;][vc_video link=&#8221;https:\/\/www.youtube.com\/watch?v=GxL9od_6dW4&#8243; title=&#8221;Emission &#8220;Khalik Matinal&#8220; de Elhiwar Ettounsi&#8221;][vc_video link=&#8221;https:\/\/www.youtube.com\/watch?v=5gErSexI20E&#8221; title=&#8221;Emission &#8220;Iyada Lil Jamii&#8220; Hannibal TV&#8221;][vc_video link=&#8221;https:\/\/www.youtube.com\/watch?v=xyHAd1K0aUw&#8221; title=&#8221;Congr\u00e8s international de chirurgie esth\u00e9tique \u00e0 Hammamet Cha\u00eene Nationale 1&#8243;][\/vc_column_inner][\/vc_row_inner][\/vc_column][\/vc_row]<\/p>\n","protected":false},"excerpt":{"rendered":"<p>[vc_row css=&#8221;.vc_custom_1602535310062{padding-top: 90px !important;padding-bottom: 90px !important;background-image: url(http:\/\/drchedibali.com\/wp-content\/uploads\/2020\/01\/fat-footer-bg.jpg?id=1426) !important;background-position: center !important;background-repeat: no-repeat !important;background-size: cover !important;}&#8221; el_class=&#8221;text-light bg-fixed&#8221;][vc_column animate=&#8221;fadeinup&#8221;][vc_row_inner][vc_column_inner width=&#8221;1\/2&#8243;][vc_images_carousel images=&#8221;1733,1734,1735,1736&#8243; img_size=&#8221;full&#8221; autoplay=&#8221;yes&#8221; wrap=&#8221;yes&#8221; title=&#8221;Article Sp\u00e9cial Dans La Presse Magazine&#8221;][vc_single_image image=&#8221;1656&#8243; img_size=&#8221;full&#8221; title=&#8221;Radio Culturelle&#8221;][\/vc_column_inner][vc_column_inner width=&#8221;1\/2&#8243;][vc_video link=&#8221;https:\/\/youtu.be\/35rO36zcpBg&#8221; title=&#8221;Emission Khalik Matinal Elhiwar ElTounsi&#8221;][vc_video link=&#8221;https:\/\/youtu.be\/UwkCATwHNKo&#8221; title=&#8221;Passage sur Telvza TV&#8221;][vc_video link=&#8221;https:\/\/www.youtube.com\/watch?v=GxL9od_6dW4&#8243; title=&#8221;Emission &#8220;Khalik Matinal&#8220; de Elhiwar Ettounsi&#8221;][vc_video link=&#8221;https:\/\/www.youtube.com\/watch?v=5gErSexI20E&#8221; title=&#8221;Emission &#8220;Iyada Lil [&hellip;]<\/p>\n","protected":false},"author":1,"featured_media":0,"parent":0,"menu_order":0,"comment_status":"open","ping_status":"open","template":"page-templates\/template-fullwidth.php","meta":{"footnotes":""},"class_list":["post-229","page","type-page","status-publish","hentry"],"yoast_head":"<!-- This site is optimized with the Yoast SEO plugin v27.3 - https:\/\/yoast.com\/product\/yoast-seo-wordpress\/ -->\n<title>Passage dans les m\u00e9dias - Dr Chedi Bali Chirurgien Esthetique et Plastique<\/title>\n<meta name=\"robots\" content=\"index, follow, max-snippet:-1, max-image-preview:large, max-video-preview:-1\" \/>\n<link rel=\"canonical\" href=\"https:\/\/drchedibali.com\/index.php\/presence-mediatique\/\" \/>\n<meta property=\"og:locale\" content=\"fr_FR\" \/>\n<meta property=\"og:type\" content=\"article\" \/>\n<meta property=\"og:title\" content=\"Passage dans les m\u00e9dias - Dr Chedi Bali Chirurgien Esthetique et Plastique\" \/>\n<meta property=\"og:description\" content=\"[vc_row css=&#8221;.vc_custom_1602535310062{padding-top: 90px !important;padding-bottom: 90px !important;background-image: url(http:\/\/drchedibali.com\/wp-content\/uploads\/2020\/01\/fat-footer-bg.jpg?id=1426) !important;background-position: center !important;background-repeat: no-repeat !important;background-size: cover !important;}&#8221; el_class=&#8221;text-light bg-fixed&#8221;][vc_column animate=&#8221;fadeinup&#8221;][vc_row_inner][vc_column_inner width=&#8221;1\/2&#8243;][vc_images_carousel images=&#8221;1733,1734,1735,1736&#8243; img_size=&#8221;full&#8221; autoplay=&#8221;yes&#8221; wrap=&#8221;yes&#8221; title=&#8221;Article Sp\u00e9cial Dans La Presse Magazine&#8221;][vc_single_image image=&#8221;1656&#8243; img_size=&#8221;full&#8221; title=&#8221;Radio Culturelle&#8221;][\/vc_column_inner][vc_column_inner width=&#8221;1\/2&#8243;][vc_video link=&#8221;https:\/\/youtu.be\/35rO36zcpBg&#8221; title=&#8221;Emission Khalik Matinal Elhiwar ElTounsi&#8221;][vc_video link=&#8221;https:\/\/youtu.be\/UwkCATwHNKo&#8221; title=&#8221;Passage sur Telvza TV&#8221;][vc_video link=&#8221;https:\/\/www.youtube.com\/watch?v=GxL9od_6dW4&#8243; title=&#8221;Emission &#8220;Khalik Matinal&#8220; de Elhiwar Ettounsi&#8221;][vc_video link=&#8221;https:\/\/www.youtube.com\/watch?v=5gErSexI20E&#8221; title=&#8221;Emission &#8220;Iyada Lil [&hellip;]\" \/>\n<meta property=\"og:url\" content=\"https:\/\/drchedibali.com\/index.php\/presence-mediatique\/\" \/>\n<meta property=\"og:site_name\" content=\"Dr Chedi Bali Chirurgien Esthetique et Plastique\" \/>\n<meta property=\"article:publisher\" content=\"https:\/\/www.facebook.com\/DocteurchediBALI\" \/>\n<meta property=\"article:modified_time\" content=\"2020-10-12T20:43:37+00:00\" \/>\n<meta name=\"twitter:card\" content=\"summary_large_image\" \/>\n<meta name=\"twitter:label1\" content=\"Dur\u00e9e de lecture estim\u00e9e\" \/>\n\t<meta name=\"twitter:data1\" content=\"1 minute\" \/>\n<script type=\"application\/ld+json\" class=\"yoast-schema-graph\">{\"@context\":\"https:\\\/\\\/schema.org\",\"@graph\":[{\"@type\":\"WebPage\",\"@id\":\"https:\\\/\\\/drchedibali.com\\\/index.php\\\/presence-mediatique\\\/\",\"url\":\"https:\\\/\\\/drchedibali.com\\\/index.php\\\/presence-mediatique\\\/\",\"name\":\"Passage dans les m\u00e9dias - Dr Chedi Bali Chirurgien Esthetique et Plastique\",\"isPartOf\":{\"@id\":\"https:\\\/\\\/drchedibali.com\\\/#website\"},\"datePublished\":\"2015-07-27T03:29:01+00:00\",\"dateModified\":\"2020-10-12T20:43:37+00:00\",\"breadcrumb\":{\"@id\":\"https:\\\/\\\/drchedibali.com\\\/index.php\\\/presence-mediatique\\\/#breadcrumb\"},\"inLanguage\":\"fr-FR\",\"potentialAction\":[{\"@type\":\"ReadAction\",\"target\":[\"https:\\\/\\\/drchedibali.com\\\/index.php\\\/presence-mediatique\\\/\"]}]},{\"@type\":\"BreadcrumbList\",\"@id\":\"https:\\\/\\\/drchedibali.com\\\/index.php\\\/presence-mediatique\\\/#breadcrumb\",\"itemListElement\":[{\"@type\":\"ListItem\",\"position\":1,\"name\":\"Accueil\",\"item\":\"https:\\\/\\\/drchedibali.com\\\/\"},{\"@type\":\"ListItem\",\"position\":2,\"name\":\"Passage dans les m\u00e9dias\"}]},{\"@type\":\"WebSite\",\"@id\":\"https:\\\/\\\/drchedibali.com\\\/#website\",\"url\":\"https:\\\/\\\/drchedibali.com\\\/\",\"name\":\"Dr Chedi Bali Chirurgien Esthetique et Plastique\",\"description\":\"Dr Chedi Bali Chirurgien Esthetique et Plastique\",\"potentialAction\":[{\"@type\":\"SearchAction\",\"target\":{\"@type\":\"EntryPoint\",\"urlTemplate\":\"https:\\\/\\\/drchedibali.com\\\/?s={search_term_string}\"},\"query-input\":{\"@type\":\"PropertyValueSpecification\",\"valueRequired\":true,\"valueName\":\"search_term_string\"}}],\"inLanguage\":\"fr-FR\"}]}<\/script>\n<!-- \/ Yoast SEO plugin. -->","yoast_head_json":{"title":"Passage dans les m\u00e9dias - Dr Chedi Bali Chirurgien Esthetique et Plastique","robots":{"index":"index","follow":"follow","max-snippet":"max-snippet:-1","max-image-preview":"max-image-preview:large","max-video-preview":"max-video-preview:-1"},"canonical":"https:\/\/drchedibali.com\/index.php\/presence-mediatique\/","og_locale":"fr_FR","og_type":"article","og_title":"Passage dans les m\u00e9dias - Dr Chedi Bali Chirurgien Esthetique et Plastique","og_description":"[vc_row css=&#8221;.vc_custom_1602535310062{padding-top: 90px !important;padding-bottom: 90px !important;background-image: url(http:\/\/drchedibali.com\/wp-content\/uploads\/2020\/01\/fat-footer-bg.jpg?id=1426) !important;background-position: center !important;background-repeat: no-repeat !important;background-size: cover !important;}&#8221; el_class=&#8221;text-light bg-fixed&#8221;][vc_column animate=&#8221;fadeinup&#8221;][vc_row_inner][vc_column_inner width=&#8221;1\/2&#8243;][vc_images_carousel images=&#8221;1733,1734,1735,1736&#8243; img_size=&#8221;full&#8221; autoplay=&#8221;yes&#8221; wrap=&#8221;yes&#8221; title=&#8221;Article Sp\u00e9cial Dans La Presse Magazine&#8221;][vc_single_image image=&#8221;1656&#8243; img_size=&#8221;full&#8221; title=&#8221;Radio Culturelle&#8221;][\/vc_column_inner][vc_column_inner width=&#8221;1\/2&#8243;][vc_video link=&#8221;https:\/\/youtu.be\/35rO36zcpBg&#8221; title=&#8221;Emission Khalik Matinal Elhiwar ElTounsi&#8221;][vc_video link=&#8221;https:\/\/youtu.be\/UwkCATwHNKo&#8221; title=&#8221;Passage sur Telvza TV&#8221;][vc_video link=&#8221;https:\/\/www.youtube.com\/watch?v=GxL9od_6dW4&#8243; title=&#8221;Emission &#8220;Khalik Matinal&#8220; de Elhiwar Ettounsi&#8221;][vc_video link=&#8221;https:\/\/www.youtube.com\/watch?v=5gErSexI20E&#8221; title=&#8221;Emission &#8220;Iyada Lil [&hellip;]","og_url":"https:\/\/drchedibali.com\/index.php\/presence-mediatique\/","og_site_name":"Dr Chedi Bali Chirurgien Esthetique et Plastique","article_publisher":"https:\/\/www.facebook.com\/DocteurchediBALI","article_modified_time":"2020-10-12T20:43:37+00:00","twitter_card":"summary_large_image","twitter_misc":{"Dur\u00e9e de lecture estim\u00e9e":"1 minute"},"schema":{"@context":"https:\/\/schema.org","@graph":[{"@type":"WebPage","@id":"https:\/\/drchedibali.com\/index.php\/presence-mediatique\/","url":"https:\/\/drchedibali.com\/index.php\/presence-mediatique\/","name":"Passage dans les m\u00e9dias - Dr Chedi Bali Chirurgien Esthetique et Plastique","isPartOf":{"@id":"https:\/\/drchedibali.com\/#website"},"datePublished":"2015-07-27T03:29:01+00:00","dateModified":"2020-10-12T20:43:37+00:00","breadcrumb":{"@id":"https:\/\/drchedibali.com\/index.php\/presence-mediatique\/#breadcrumb"},"inLanguage":"fr-FR","potentialAction":[{"@type":"ReadAction","target":["https:\/\/drchedibali.com\/index.php\/presence-mediatique\/"]}]},{"@type":"BreadcrumbList","@id":"https:\/\/drchedibali.com\/index.php\/presence-mediatique\/#breadcrumb","itemListElement":[{"@type":"ListItem","position":1,"name":"Accueil","item":"https:\/\/drchedibali.com\/"},{"@type":"ListItem","position":2,"name":"Passage dans les m\u00e9dias"}]},{"@type":"WebSite","@id":"https:\/\/drchedibali.com\/#website","url":"https:\/\/drchedibali.com\/","name":"Dr Chedi Bali Chirurgien Esthetique et Plastique","description":"Dr Chedi Bali Chirurgien Esthetique et Plastique","potentialAction":[{"@type":"SearchAction","target":{"@type":"EntryPoint","urlTemplate":"https:\/\/drchedibali.com\/?s={search_term_string}"},"query-input":{"@type":"PropertyValueSpecification","valueRequired":true,"valueName":"search_term_string"}}],"inLanguage":"fr-FR"}]}},"_links":{"self":[{"href":"https:\/\/drchedibali.com\/index.php\/wp-json\/wp\/v2\/pages\/229","targetHints":{"allow":["GET"]}}],"collection":[{"href":"https:\/\/drchedibali.com\/index.php\/wp-json\/wp\/v2\/pages"}],"about":[{"href":"https:\/\/drchedibali.com\/index.php\/wp-json\/wp\/v2\/types\/page"}],"author":[{"embeddable":true,"href":"https:\/\/drchedibali.com\/index.php\/wp-json\/wp\/v2\/users\/1"}],"replies":[{"embeddable":true,"href":"https:\/\/drchedibali.com\/index.php\/wp-json\/wp\/v2\/comments?post=229"}],"version-history":[{"count":16,"href":"https:\/\/drchedibali.com\/index.php\/wp-json\/wp\/v2\/pages\/229\/revisions"}],"predecessor-version":[{"id":1655,"href":"https:\/\/drchedibali.com\/index.php\/wp-json\/wp\/v2\/pages\/229\/revisions\/1655"}],"wp:attachment":[{"href":"https:\/\/drchedibali.com\/index.php\/wp-json\/wp\/v2\/media?parent=229"}],"curies":[{"name":"wp","href":"https:\/\/api.w.org\/{rel}","templated":true}]}}