{"id":256,"date":"2015-07-27T04:50:39","date_gmt":"2015-07-27T04:50:39","guid":{"rendered":"http:\/\/demo.vegatheme.com\/archilight\/?page_id=256"},"modified":"2020-11-21T11:34:17","modified_gmt":"2020-11-21T10:34:17","slug":"contact","status":"publish","type":"page","link":"https:\/\/drchedibali.com\/index.php\/contact\/","title":{"rendered":"Contact"},"content":{"rendered":"<p>[vc_row content_placement=&#8221;top&#8221; css=&#8221;.vc_custom_1588026372918{padding-top: 50px !important;padding-bottom: 90px !important;}&#8221;][vc_column width=&#8221;1\/2&#8243;][vc_column_text]R\u00e9sidence les jasmins Bloc B &#8211; 1er \u00e9tage &#8211; Cab, N\u00b07 El Manar 1, Tunis, Tunisie 2092 Tunis<\/p>\n<p><span style=\"color: #ffffff;\"><strong>T\u00e9l\u00e9phone: <\/strong><\/span><span style=\"color: #33cccc;\">+216 99 14 68 68<\/span><\/p>\n<p><span style=\"color: #ffffff;\"><strong>Fixe: <\/strong><\/span><span style=\"color: #33cccc;\">+216 71 88 11 42<\/span><\/p>\n<p><span style=\"color: #ffffff;\"><strong>Email: <\/strong><\/span><a href=\"mailto:office@drchedibali.com\">office@drchedibali.com<\/a><\/p>\n<p><strong>Web: <\/strong><a href=\"http:\/\/www.drchedibali.com\">http:\/\/drchedibali.com<\/a><\/p>\n<p><strong>Horaires: <\/strong>Lundi &#8211; Vendredi 09:00 &#8211; 18:00[\/vc_column_text][vc_facebook][vc_empty_space height=&#8221;10px&#8221;][\/vc_column][vc_column width=&#8221;1\/2&#8243;][vc_raw_html]JTNDaWZyYW1lJTIwc3JjJTNEJTIyaHR0cHMlM0ElMkYlMkZ3d3cuZ29vZ2xlLmNvbSUyRm1hcHMlMkZlbWJlZCUzRnBiJTNEJTIxMW0xOCUyMTFtMTIlMjExbTMlMjExZDMxOTMuMzIyOTc1Mjk1NTI2MiUyMTJkMTAuMTQ4Nzc1MzE1NTczNjYyJTIxM2QzNi44MzQ3NDAyNzM0NTM3MSUyMTJtMyUyMTFmMCUyMTJmMCUyMTNmMCUyMTNtMiUyMTFpMTAyNCUyMTJpNzY4JTIxNGYxMy4xJTIxM20zJTIxMW0yJTIxMXMweDEyZmQzMzZjNjE2NjhjNDElMjUzQTB4Mzg4NjNhZmNhZmI0ZjRjNSUyMTJzRHIlMjUyMENoZWRpJTI1MjBCYWxpJTIxNWUwJTIxM20yJTIxMXNlbiUyMTJzdG4lMjE0djE1ODg4ODg4NzkwMjglMjE1bTIlMjExc2VuJTIxMnN0biUyMiUyMHdpZHRoJTNEJTIyNjAwJTIyJTIwaGVpZ2h0JTNEJTIyNDUwJTIyJTIwZnJhbWVib3JkZXIlM0QlMjIwJTIyJTIwc3R5bGUlM0QlMjJib3JkZXIlM0EwJTNCJTIyJTIwYWxsb3dmdWxsc2NyZWVuJTNEJTIyJTIyJTIwYXJpYS1oaWRkZW4lM0QlMjJmYWxzZSUyMiUyMHRhYmluZGV4JTNEJTIyMCUyMiUzRSUzQyUyRmlmcmFtZSUzRQ==[\/vc_raw_html][\/vc_column][\/vc_row][vc_row css=&#8221;.vc_custom_1438577300524{padding-bottom: 90px !important;}&#8221;][vc_column animate=&#8221;fadeinleft&#8221; wap_class=&#8221;wow fadeInUp&#8221;]\n\t<!-- Element: OT Heading --> \t \n\t<h3 class=\"ot_custom_heading  \" style=\"\" >Consultation en ligne<\/h3>\t\n[vc_separator color=&#8221;turquoise&#8221;]\n<div class=\"wpcf7 no-js\" id=\"wpcf7-f1921-o1\" lang=\"fr-FR\" dir=\"ltr\" data-wpcf7-id=\"1921\">\n<div class=\"screen-reader-response\"><p role=\"status\" aria-live=\"polite\" aria-atomic=\"true\"><\/p> <ul><\/ul><\/div>\n<form action=\"\/index.php\/wp-json\/wp\/v2\/pages\/256#wpcf7-f1921-o1\" method=\"post\" class=\"wpcf7-form init\" aria-label=\"Formulaire de contact\" enctype=\"multipart\/form-data\" novalidate=\"novalidate\" data-status=\"init\">\n<fieldset class=\"hidden-fields-container\"><input type=\"hidden\" name=\"_wpcf7\" value=\"1921\" \/><input type=\"hidden\" name=\"_wpcf7_version\" value=\"6.1.5\" \/><input type=\"hidden\" name=\"_wpcf7_locale\" value=\"fr_FR\" \/><input type=\"hidden\" name=\"_wpcf7_unit_tag\" value=\"wpcf7-f1921-o1\" \/><input type=\"hidden\" name=\"_wpcf7_container_post\" value=\"0\" \/><input type=\"hidden\" name=\"_wpcf7_posted_data_hash\" value=\"\" \/><input type=\"hidden\" name=\"_wpcf7_recaptcha_response\" value=\"\" \/>\n<\/fieldset>\n<div class=\"row\">\n\t<div class=\"col-md-6\">\n\t\t<div>\n\t\t\t<p>Genre (obligatoire)<br \/>\n<span class=\"wpcf7-form-control-wrap\" data-name=\"votre-genre\"><span class=\"wpcf7-form-control wpcf7-radio\"><span class=\"wpcf7-list-item first\"><input type=\"radio\" name=\"votre-genre\" value=\"Homme\" checked=\"checked\" \/><span class=\"wpcf7-list-item-label\">Homme<\/span><\/span><span class=\"wpcf7-list-item last\"><input type=\"radio\" name=\"votre-genre\" value=\"Femme\" \/><span class=\"wpcf7-list-item-label\">Femme<\/span><\/span><\/span><\/span>\n\t\t\t<\/p>\n\t\t<\/div>\n\t\t<div>\n\t\t\t<p>Votre nom (obligatoire)<br \/>\n<label> <span class=\"wpcf7-form-control-wrap\" data-name=\"your-name\"><input size=\"40\" maxlength=\"400\" class=\"wpcf7-form-control wpcf7-text wpcf7-validates-as-required\" aria-required=\"true\" aria-invalid=\"false\" value=\"\" type=\"text\" name=\"your-name\" \/><\/span> <\/label>\n\t\t\t<\/p>\n\t\t<\/div>\n\t\t<div>\n\t\t\t<p>Votre Pr\u00e9nom (obligatoire)<br \/>\n<label><span class=\"wpcf7-form-control-wrap\" data-name=\"your-prename\"><input size=\"40\" maxlength=\"400\" class=\"wpcf7-form-control wpcf7-text wpcf7-validates-as-required\" aria-required=\"true\" aria-invalid=\"false\" value=\"\" type=\"text\" name=\"your-prename\" \/><\/span><\/label>\n\t\t\t<\/p>\n\t\t<\/div>\n\t\t<div>\n\t\t\t<p>Votre Pays De R\u00e9sidence<br \/>\n<label><span class=\"wpcf7-form-control-wrap\" data-name=\"pays-residence\"><input size=\"40\" maxlength=\"400\" class=\"wpcf7-form-control wpcf7-text\" aria-invalid=\"false\" value=\"\" type=\"text\" name=\"pays-residence\" \/><\/span><\/label>\n\t\t\t<\/p>\n\t\t<\/div>\n\t\t<div>\n\t\t\t<p>Votre adresse de messagerie (obligatoire)<br \/>\n<label> <span class=\"wpcf7-form-control-wrap\" data-name=\"your-email\"><input size=\"40\" maxlength=\"400\" class=\"wpcf7-form-control wpcf7-email wpcf7-validates-as-required wpcf7-text wpcf7-validates-as-email\" aria-required=\"true\" aria-invalid=\"false\" value=\"\" type=\"email\" name=\"your-email\" \/><\/span> <\/label>\n\t\t\t<\/p>\n\t\t<\/div>\n\t\t<div>\n\t\t\t<p>Votre T\u00e9l\u00e9phone(obligatoire)<br \/>\n<label> <span class=\"wpcf7-form-control-wrap\" data-name=\"votre-telephone\"><input size=\"40\" maxlength=\"400\" class=\"wpcf7-form-control wpcf7-tel wpcf7-text wpcf7-validates-as-tel\" aria-invalid=\"false\" value=\"\" type=\"tel\" name=\"votre-telephone\" \/><\/span> <\/label>\n\t\t\t<\/p>\n\t\t<\/div>\n\t\t<div>\n\t\t\t<p>Traitement au long cours<br \/>\n<span class=\"wpcf7-form-control-wrap\" data-name=\"traitement-cours\"><span class=\"wpcf7-form-control wpcf7-radio\"><span class=\"wpcf7-list-item first\"><input type=\"radio\" name=\"traitement-cours\" value=\"Non\" checked=\"checked\" \/><span class=\"wpcf7-list-item-label\">Non<\/span><\/span><span class=\"wpcf7-list-item last\"><input type=\"radio\" name=\"traitement-cours\" value=\"Oui\" \/><span class=\"wpcf7-list-item-label\">Oui<\/span><\/span><\/span><\/span>\n\t\t\t<\/p>\n\t\t<\/div>\n\t<\/div>\n\t<div class=\"col-md-6\">\n\t\t<div>\n\t\t\t<p>Ant\u00e9c\u00e9dents chirurgicaux et m\u00e9dicaux<br \/>\n<label> <span class=\"wpcf7-form-control-wrap\" data-name=\"antcdents-chirurgicaux\"><textarea cols=\"40\" rows=\"10\" maxlength=\"2000\" class=\"wpcf7-form-control wpcf7-textarea\" aria-invalid=\"false\" name=\"antcdents-chirurgicaux\"><\/textarea><\/span> <\/label>\n\t\t\t<\/p>\n\t\t<\/div>\n\t\t<div>\n\t\t\t<p>Nombre d\u2019accouchements<br \/>\n<label> <span class=\"wpcf7-form-control-wrap\" data-name=\"number-accouchement\"><input class=\"wpcf7-form-control wpcf7-number wpcf7-validates-as-number\" min=\"0\" max=\"9\" aria-invalid=\"false\" value=\"0\" type=\"number\" name=\"number-accouchement\" \/><\/span> <\/label>\n\t\t\t<\/p>\n\t\t<\/div>\n\t\t<div>\n\t\t\t<p>Tabac<br \/>\n<span class=\"wpcf7-form-control-wrap\" data-name=\"tabac-cours\"><span class=\"wpcf7-form-control wpcf7-radio\"><span class=\"wpcf7-list-item first\"><input type=\"radio\" name=\"tabac-cours\" value=\"Non\" checked=\"checked\" \/><span class=\"wpcf7-list-item-label\">Non<\/span><\/span><span class=\"wpcf7-list-item last\"><input type=\"radio\" name=\"tabac-cours\" value=\"Oui\" \/><span class=\"wpcf7-list-item-label\">Oui<\/span><\/span><\/span><\/span>\n\t\t\t<\/p>\n\t\t<\/div>\n\t\t<div>\n\t\t\t<p>Traitement d\u00e9sir\u00e9<br \/>\n<label> <span class=\"wpcf7-form-control-wrap\" data-name=\"your-message\"><textarea cols=\"40\" rows=\"10\" maxlength=\"2000\" class=\"wpcf7-form-control wpcf7-textarea\" aria-invalid=\"false\" name=\"your-message\"><\/textarea><\/span> <\/label>\n\t\t\t<\/p>\n\t\t<\/div>\n\t\t<div>\n\t\t\t<p>Images<br \/>\n<label> <span class=\"wpcf7-form-control-wrap\" data-name=\"file-images\"><input size=\"40\" class=\"wpcf7-form-control wpcf7-file\" accept=\"audio\/*,video\/*,image\/*\" aria-invalid=\"false\" type=\"file\" name=\"file-images\" \/><\/span> <\/label>\n\t\t\t<\/p>\n\t\t<\/div>\n\t\t<div>\n\t\t\t<p id=\"submit\"><input class=\"wpcf7-form-control wpcf7-submit has-spinner btn btn-line\" type=\"submit\" value=\"Envoyer\" \/>\n\t\t\t<\/p>\n\t\t<\/div>\n\t<\/div>\n<\/div><div class=\"wpcf7-response-output\" aria-hidden=\"true\"><\/div>\n<\/form>\n<\/div>\n[\/vc_column][\/vc_row]<\/p>\n","protected":false},"excerpt":{"rendered":"<p>[vc_row content_placement=&#8221;top&#8221; css=&#8221;.vc_custom_1588026372918{padding-top: 50px !important;padding-bottom: 90px !important;}&#8221;][vc_column width=&#8221;1\/2&#8243;][vc_column_text]R\u00e9sidence les jasmins Bloc B &#8211; 1er \u00e9tage &#8211; Cab, N\u00b07 El Manar 1, Tunis, Tunisie 2092 Tunis T\u00e9l\u00e9phone: +216 99 14 68 68 Fixe: +216 71 88 11 42 Email: office@drchedibali.com Web: http:\/\/drchedibali.com Horaires: Lundi &#8211; Vendredi 09:00 &#8211; 18:00[\/vc_column_text][vc_facebook][vc_empty_space height=&#8221;10px&#8221;][\/vc_column][vc_column width=&#8221;1\/2&#8243;][vc_raw_html]JTNDaWZyYW1lJTIwc3JjJTNEJTIyaHR0cHMlM0ElMkYlMkZ3d3cuZ29vZ2xlLmNvbSUyRm1hcHMlMkZlbWJlZCUzRnBiJTNEJTIxMW0xOCUyMTFtMTIlMjExbTMlMjExZDMxOTMuMzIyOTc1Mjk1NTI2MiUyMTJkMTAuMTQ4Nzc1MzE1NTczNjYyJTIxM2QzNi44MzQ3NDAyNzM0NTM3MSUyMTJtMyUyMTFmMCUyMTJmMCUyMTNmMCUyMTNtMiUyMTFpMTAyNCUyMTJpNzY4JTIxNGYxMy4xJTIxM20zJTIxMW0yJTIxMXMweDEyZmQzMzZjNjE2NjhjNDElMjUzQTB4Mzg4NjNhZmNhZmI0ZjRjNSUyMTJzRHIlMjUyMENoZWRpJTI1MjBCYWxpJTIxNWUwJTIxM20yJTIxMXNlbiUyMTJzdG4lMjE0djE1ODg4ODg4NzkwMjglMjE1bTIlMjExc2VuJTIxMnN0biUyMiUyMHdpZHRoJTNEJTIyNjAwJTIyJTIwaGVpZ2h0JTNEJTIyNDUwJTIyJTIwZnJhbWVib3JkZXIlM0QlMjIwJTIyJTIwc3R5bGUlM0QlMjJib3JkZXIlM0EwJTNCJTIyJTIwYWxsb3dmdWxsc2NyZWVuJTNEJTIyJTIyJTIwYXJpYS1oaWRkZW4lM0QlMjJmYWxzZSUyMiUyMHRhYmluZGV4JTNEJTIyMCUyMiUzRSUzQyUyRmlmcmFtZSUzRQ==[\/vc_raw_html][\/vc_column][\/vc_row][vc_row css=&#8221;.vc_custom_1438577300524{padding-bottom: 90px !important;}&#8221;][vc_column animate=&#8221;fadeinleft&#8221; wap_class=&#8221;wow [&hellip;]<\/p>\n","protected":false},"author":1,"featured_media":0,"parent":0,"menu_order":0,"comment_status":"open","ping_status":"open","template":"page-templates\/template-fullwidth.php","meta":{"footnotes":""},"class_list":["post-256","page","type-page","status-publish","hentry"],"yoast_head":"<!-- This site is optimized with the Yoast SEO plugin v27.3 - https:\/\/yoast.com\/product\/yoast-seo-wordpress\/ -->\n<title>Contact - Dr Chedi Bali Chirurgien Esthetique et Plastique<\/title>\n<meta name=\"robots\" content=\"index, follow, max-snippet:-1, max-image-preview:large, max-video-preview:-1\" \/>\n<link rel=\"canonical\" href=\"https:\/\/drchedibali.com\/index.php\/contact\/\" \/>\n<meta property=\"og:locale\" content=\"fr_FR\" \/>\n<meta property=\"og:type\" content=\"article\" \/>\n<meta property=\"og:title\" content=\"Contact - Dr Chedi Bali Chirurgien Esthetique et Plastique\" \/>\n<meta property=\"og:description\" content=\"[vc_row content_placement=&#8221;top&#8221; css=&#8221;.vc_custom_1588026372918{padding-top: 50px !important;padding-bottom: 90px !important;}&#8221;][vc_column width=&#8221;1\/2&#8243;][vc_column_text]R\u00e9sidence les jasmins Bloc B &#8211; 1er \u00e9tage &#8211; Cab, N\u00b07 El Manar 1, Tunis, Tunisie 2092 Tunis T\u00e9l\u00e9phone: +216 99 14 68 68 Fixe: +216 71 88 11 42 Email: office@drchedibali.com Web: http:\/\/drchedibali.com Horaires: Lundi &#8211; Vendredi 09:00 &#8211; 18:00[\/vc_column_text][vc_facebook][vc_empty_space height=&#8221;10px&#8221;][\/vc_column][vc_column width=&#8221;1\/2&#8243;][vc_raw_html]JTNDaWZyYW1lJTIwc3JjJTNEJTIyaHR0cHMlM0ElMkYlMkZ3d3cuZ29vZ2xlLmNvbSUyRm1hcHMlMkZlbWJlZCUzRnBiJTNEJTIxMW0xOCUyMTFtMTIlMjExbTMlMjExZDMxOTMuMzIyOTc1Mjk1NTI2MiUyMTJkMTAuMTQ4Nzc1MzE1NTczNjYyJTIxM2QzNi44MzQ3NDAyNzM0NTM3MSUyMTJtMyUyMTFmMCUyMTJmMCUyMTNmMCUyMTNtMiUyMTFpMTAyNCUyMTJpNzY4JTIxNGYxMy4xJTIxM20zJTIxMW0yJTIxMXMweDEyZmQzMzZjNjE2NjhjNDElMjUzQTB4Mzg4NjNhZmNhZmI0ZjRjNSUyMTJzRHIlMjUyMENoZWRpJTI1MjBCYWxpJTIxNWUwJTIxM20yJTIxMXNlbiUyMTJzdG4lMjE0djE1ODg4ODg4NzkwMjglMjE1bTIlMjExc2VuJTIxMnN0biUyMiUyMHdpZHRoJTNEJTIyNjAwJTIyJTIwaGVpZ2h0JTNEJTIyNDUwJTIyJTIwZnJhbWVib3JkZXIlM0QlMjIwJTIyJTIwc3R5bGUlM0QlMjJib3JkZXIlM0EwJTNCJTIyJTIwYWxsb3dmdWxsc2NyZWVuJTNEJTIyJTIyJTIwYXJpYS1oaWRkZW4lM0QlMjJmYWxzZSUyMiUyMHRhYmluZGV4JTNEJTIyMCUyMiUzRSUzQyUyRmlmcmFtZSUzRQ==[\/vc_raw_html][\/vc_column][\/vc_row][vc_row css=&#8221;.vc_custom_1438577300524{padding-bottom: 90px !important;}&#8221;][vc_column animate=&#8221;fadeinleft&#8221; wap_class=&#8221;wow [&hellip;]\" \/>\n<meta property=\"og:url\" content=\"https:\/\/drchedibali.com\/index.php\/contact\/\" \/>\n<meta property=\"og:site_name\" content=\"Dr Chedi Bali Chirurgien Esthetique et Plastique\" \/>\n<meta property=\"article:publisher\" content=\"https:\/\/www.facebook.com\/DocteurchediBALI\" \/>\n<meta property=\"article:modified_time\" content=\"2020-11-21T10:34:17+00:00\" \/>\n<meta name=\"twitter:card\" content=\"summary_large_image\" \/>\n<meta name=\"twitter:label1\" content=\"Dur\u00e9e de lecture estim\u00e9e\" \/>\n\t<meta name=\"twitter:data1\" content=\"1 minute\" \/>\n<script type=\"application\/ld+json\" class=\"yoast-schema-graph\">{\"@context\":\"https:\\\/\\\/schema.org\",\"@graph\":[{\"@type\":\"WebPage\",\"@id\":\"https:\\\/\\\/drchedibali.com\\\/index.php\\\/contact\\\/\",\"url\":\"https:\\\/\\\/drchedibali.com\\\/index.php\\\/contact\\\/\",\"name\":\"Contact - Dr Chedi Bali Chirurgien Esthetique et Plastique\",\"isPartOf\":{\"@id\":\"https:\\\/\\\/drchedibali.com\\\/#website\"},\"datePublished\":\"2015-07-27T04:50:39+00:00\",\"dateModified\":\"2020-11-21T10:34:17+00:00\",\"breadcrumb\":{\"@id\":\"https:\\\/\\\/drchedibali.com\\\/index.php\\\/contact\\\/#breadcrumb\"},\"inLanguage\":\"fr-FR\",\"potentialAction\":[{\"@type\":\"ReadAction\",\"target\":[\"https:\\\/\\\/drchedibali.com\\\/index.php\\\/contact\\\/\"]}]},{\"@type\":\"BreadcrumbList\",\"@id\":\"https:\\\/\\\/drchedibali.com\\\/index.php\\\/contact\\\/#breadcrumb\",\"itemListElement\":[{\"@type\":\"ListItem\",\"position\":1,\"name\":\"Accueil\",\"item\":\"https:\\\/\\\/drchedibali.com\\\/\"},{\"@type\":\"ListItem\",\"position\":2,\"name\":\"Contact\"}]},{\"@type\":\"WebSite\",\"@id\":\"https:\\\/\\\/drchedibali.com\\\/#website\",\"url\":\"https:\\\/\\\/drchedibali.com\\\/\",\"name\":\"Dr Chedi Bali Chirurgien Esthetique et Plastique\",\"description\":\"Dr Chedi Bali Chirurgien Esthetique et Plastique\",\"potentialAction\":[{\"@type\":\"SearchAction\",\"target\":{\"@type\":\"EntryPoint\",\"urlTemplate\":\"https:\\\/\\\/drchedibali.com\\\/?s={search_term_string}\"},\"query-input\":{\"@type\":\"PropertyValueSpecification\",\"valueRequired\":true,\"valueName\":\"search_term_string\"}}],\"inLanguage\":\"fr-FR\"}]}<\/script>\n<!-- \/ Yoast SEO plugin. -->","yoast_head_json":{"title":"Contact - Dr Chedi Bali Chirurgien Esthetique et Plastique","robots":{"index":"index","follow":"follow","max-snippet":"max-snippet:-1","max-image-preview":"max-image-preview:large","max-video-preview":"max-video-preview:-1"},"canonical":"https:\/\/drchedibali.com\/index.php\/contact\/","og_locale":"fr_FR","og_type":"article","og_title":"Contact - Dr Chedi Bali Chirurgien Esthetique et Plastique","og_description":"[vc_row content_placement=&#8221;top&#8221; css=&#8221;.vc_custom_1588026372918{padding-top: 50px !important;padding-bottom: 90px !important;}&#8221;][vc_column width=&#8221;1\/2&#8243;][vc_column_text]R\u00e9sidence les jasmins Bloc B &#8211; 1er \u00e9tage &#8211; Cab, N\u00b07 El Manar 1, Tunis, Tunisie 2092 Tunis T\u00e9l\u00e9phone: +216 99 14 68 68 Fixe: +216 71 88 11 42 Email: office@drchedibali.com Web: http:\/\/drchedibali.com Horaires: Lundi &#8211; Vendredi 09:00 &#8211; 18:00[\/vc_column_text][vc_facebook][vc_empty_space height=&#8221;10px&#8221;][\/vc_column][vc_column width=&#8221;1\/2&#8243;][vc_raw_html]JTNDaWZyYW1lJTIwc3JjJTNEJTIyaHR0cHMlM0ElMkYlMkZ3d3cuZ29vZ2xlLmNvbSUyRm1hcHMlMkZlbWJlZCUzRnBiJTNEJTIxMW0xOCUyMTFtMTIlMjExbTMlMjExZDMxOTMuMzIyOTc1Mjk1NTI2MiUyMTJkMTAuMTQ4Nzc1MzE1NTczNjYyJTIxM2QzNi44MzQ3NDAyNzM0NTM3MSUyMTJtMyUyMTFmMCUyMTJmMCUyMTNmMCUyMTNtMiUyMTFpMTAyNCUyMTJpNzY4JTIxNGYxMy4xJTIxM20zJTIxMW0yJTIxMXMweDEyZmQzMzZjNjE2NjhjNDElMjUzQTB4Mzg4NjNhZmNhZmI0ZjRjNSUyMTJzRHIlMjUyMENoZWRpJTI1MjBCYWxpJTIxNWUwJTIxM20yJTIxMXNlbiUyMTJzdG4lMjE0djE1ODg4ODg4NzkwMjglMjE1bTIlMjExc2VuJTIxMnN0biUyMiUyMHdpZHRoJTNEJTIyNjAwJTIyJTIwaGVpZ2h0JTNEJTIyNDUwJTIyJTIwZnJhbWVib3JkZXIlM0QlMjIwJTIyJTIwc3R5bGUlM0QlMjJib3JkZXIlM0EwJTNCJTIyJTIwYWxsb3dmdWxsc2NyZWVuJTNEJTIyJTIyJTIwYXJpYS1oaWRkZW4lM0QlMjJmYWxzZSUyMiUyMHRhYmluZGV4JTNEJTIyMCUyMiUzRSUzQyUyRmlmcmFtZSUzRQ==[\/vc_raw_html][\/vc_column][\/vc_row][vc_row css=&#8221;.vc_custom_1438577300524{padding-bottom: 90px !important;}&#8221;][vc_column animate=&#8221;fadeinleft&#8221; wap_class=&#8221;wow [&hellip;]","og_url":"https:\/\/drchedibali.com\/index.php\/contact\/","og_site_name":"Dr Chedi Bali Chirurgien Esthetique et Plastique","article_publisher":"https:\/\/www.facebook.com\/DocteurchediBALI","article_modified_time":"2020-11-21T10:34:17+00:00","twitter_card":"summary_large_image","twitter_misc":{"Dur\u00e9e de lecture estim\u00e9e":"1 minute"},"schema":{"@context":"https:\/\/schema.org","@graph":[{"@type":"WebPage","@id":"https:\/\/drchedibali.com\/index.php\/contact\/","url":"https:\/\/drchedibali.com\/index.php\/contact\/","name":"Contact - Dr Chedi Bali Chirurgien Esthetique et Plastique","isPartOf":{"@id":"https:\/\/drchedibali.com\/#website"},"datePublished":"2015-07-27T04:50:39+00:00","dateModified":"2020-11-21T10:34:17+00:00","breadcrumb":{"@id":"https:\/\/drchedibali.com\/index.php\/contact\/#breadcrumb"},"inLanguage":"fr-FR","potentialAction":[{"@type":"ReadAction","target":["https:\/\/drchedibali.com\/index.php\/contact\/"]}]},{"@type":"BreadcrumbList","@id":"https:\/\/drchedibali.com\/index.php\/contact\/#breadcrumb","itemListElement":[{"@type":"ListItem","position":1,"name":"Accueil","item":"https:\/\/drchedibali.com\/"},{"@type":"ListItem","position":2,"name":"Contact"}]},{"@type":"WebSite","@id":"https:\/\/drchedibali.com\/#website","url":"https:\/\/drchedibali.com\/","name":"Dr Chedi Bali Chirurgien Esthetique et Plastique","description":"Dr Chedi Bali Chirurgien Esthetique et Plastique","potentialAction":[{"@type":"SearchAction","target":{"@type":"EntryPoint","urlTemplate":"https:\/\/drchedibali.com\/?s={search_term_string}"},"query-input":{"@type":"PropertyValueSpecification","valueRequired":true,"valueName":"search_term_string"}}],"inLanguage":"fr-FR"}]}},"_links":{"self":[{"href":"https:\/\/drchedibali.com\/index.php\/wp-json\/wp\/v2\/pages\/256","targetHints":{"allow":["GET"]}}],"collection":[{"href":"https:\/\/drchedibali.com\/index.php\/wp-json\/wp\/v2\/pages"}],"about":[{"href":"https:\/\/drchedibali.com\/index.php\/wp-json\/wp\/v2\/types\/page"}],"author":[{"embeddable":true,"href":"https:\/\/drchedibali.com\/index.php\/wp-json\/wp\/v2\/users\/1"}],"replies":[{"embeddable":true,"href":"https:\/\/drchedibali.com\/index.php\/wp-json\/wp\/v2\/comments?post=256"}],"version-history":[{"count":32,"href":"https:\/\/drchedibali.com\/index.php\/wp-json\/wp\/v2\/pages\/256\/revisions"}],"predecessor-version":[{"id":1989,"href":"https:\/\/drchedibali.com\/index.php\/wp-json\/wp\/v2\/pages\/256\/revisions\/1989"}],"wp:attachment":[{"href":"https:\/\/drchedibali.com\/index.php\/wp-json\/wp\/v2\/media?parent=256"}],"curies":[{"name":"wp","href":"https:\/\/api.w.org\/{rel}","templated":true}]}}