{"id":76,"date":"2015-07-23T07:32:51","date_gmt":"2015-07-23T07:32:51","guid":{"rendered":"http:\/\/demo.vegatheme.com\/archilight\/?page_id=76"},"modified":"2020-05-08T01:07:51","modified_gmt":"2020-05-07T23:07:51","slug":"exemples","status":"publish","type":"page","link":"https:\/\/drchedibali.com\/index.php\/exemples\/","title":{"rendered":"Avant \/ Apr\u00e8s"},"content":{"rendered":"<p>[vc_row fullwidth=&#8221;yes&#8221; css=&#8221;.vc_custom_1495594625318{padding-top: 0px !important;padding-bottom: 0px !important;}&#8221;][vc_column]  \n\n\t<!-- Element: OT Portfolio Filter -->\n\t\t\t<div class=\"container\">\n\t    \t<!-- portfolio filter begin -->\n\t\t    <div class=\"row\">\n\t\t        <div class=\"col-md-12 text-center\">\n\t\t            <ul id=\"filters\" class=\"wow fadeInUp listed_taxonomy_filters\" data-wow-delay=\"0s\">\n\t\t            \t<li><a href=\"#\" data-filter=\"*\" class=\"selected\">All<\/a><\/li>                    \n\t\t                <li class=\"cate_parent\"><a href=\"#\" data-filter=\".face\">Face<\/a><\/li><li class=\"cate_parent\"><a href=\"#\" data-filter=\".seins\">Seins<\/a><\/li><li class=\"cate_parent\"><a href=\"#\" data-filter=\".silhouette\">Silhouette<\/a><\/li>                    \n\t\t            <\/ul>\n\t\t        <\/div>\n\t\t    <\/div>\n\t    \t<!-- portfolio filter close -->\n\t    <\/div>\n    \n    <div id=\"gallery\" class=\" gallery full-gallery de-gallery pf_full_width \" style=\"margin:0px 30px\" >\n                     \n        <!-- gallery item -->\n        <div class=\"item silhouette \">\n            <div class=\"picframe-new\" style=\"margin:30px\"> \n\t\t\t\t<a  href=\"https:\/\/drchedibali.com\/index.php\/portfolio\/augmentation-des-fesses-par-des-prothses-en-silicones\/\">\n\t                <div class=\"mask\"><\/div>\t                \n                    <div class=\"pr_text\">\n                        <div class=\"project-name\">Augmentation des fesses par des proth\u00e8ses en silicones<\/div>\n                    <\/div>\n\t\t\t\t\t\t\t                \t\t\t\t\t\t\t\t<img decoding=\"async\" src=\"https:\/\/drchedibali.com\/wp-content\/uploads\/bfi_thumb\/007a-ot4zretrzikqyf971zebo5zhiegbwp7emb9kcc7pkk.png\" alt=\"\" title=\"007a\" \/>\n\t\t\t\t\t\t\t\t\t\t\t\t\t\t\t<\/a>\n            <\/div>\n        <\/div>        \n        <!-- close gallery item -->\n                     \n        <!-- gallery item -->\n        <div class=\"item seins \">\n            <div class=\"picframe-new\" style=\"margin:30px\"> \n\t\t\t\t<a  href=\"https:\/\/drchedibali.com\/index.php\/portfolio\/lipofilling-des-seins-chez-une-femme-de-25-ans\/\">\n\t                <div class=\"mask\"><\/div>\t                \n                    <div class=\"pr_text\">\n                        <div class=\"project-name\">Lipofilling des seins chez une femme de 25 ans<\/div>\n                    <\/div>\n\t\t\t\t\t\t\t                \t\t\t\t\t\t\t\t<img decoding=\"async\" src=\"https:\/\/drchedibali.com\/wp-content\/uploads\/bfi_thumb\/WhatsApp-Image-2020-11-18-at-15.10.21-oyw7icl20ukbr81973q8crt8mr2b0mt9y1kon7288k.jpeg\" alt=\"\" title=\"WhatsApp Image 2020-11-18 at 15.10.21\" \/>\n\t\t\t\t\t\t\t\t\t\t\t\t\t\t\t<\/a>\n            <\/div>\n        <\/div>        \n        <!-- close gallery item -->\n                     \n        <!-- gallery item -->\n        <div class=\"item silhouette \">\n            <div class=\"picframe-new\" style=\"margin:30px\"> \n\t\t\t\t<a  href=\"https:\/\/drchedibali.com\/index.php\/portfolio\/liposuccion-au-ultra-son\/\">\n\t                <div class=\"mask\"><\/div>\t                \n                    <div class=\"pr_text\">\n                        <div class=\"project-name\">Liposuccion au ultra son<\/div>\n                    <\/div>\n\t\t\t\t\t\t\t                \t\t\t\t\t\t\t\t<img decoding=\"async\" src=\"https:\/\/drchedibali.com\/wp-content\/uploads\/bfi_thumb\/022a-ot501c0g4k5pi8ud49sjznun8tjt5olenf62phi3w4.png\" alt=\"\" title=\"022a\" \/>\n\t\t\t\t\t\t\t\t\t\t\t\t\t\t\t<\/a>\n            <\/div>\n        <\/div>        \n        <!-- close gallery item -->\n                     \n        <!-- gallery item -->\n        <div class=\"item silhouette \">\n            <div class=\"picframe-new\" style=\"margin:30px\"> \n\t\t\t\t<a  href=\"https:\/\/drchedibali.com\/index.php\/portfolio\/liposuccion-hd-1\/\">\n\t                <div class=\"mask\"><\/div>\t                \n                    <div class=\"pr_text\">\n                        <div class=\"project-name\">Liposuccion aux ultrasons \/ Liposuccion HD<\/div>\n                    <\/div>\n\t\t\t\t\t\t\t                \t\t\t\t\t\t\t\t<img decoding=\"async\" src=\"https:\/\/drchedibali.com\/wp-content\/uploads\/bfi_thumb\/012a-ot4zvka4669c8f83ta006m9rynzowkoq6uzrnc2438.png\" alt=\"\" title=\"012a\" \/>\n\t\t\t\t\t\t\t\t\t\t\t\t\t\t\t<\/a>\n            <\/div>\n        <\/div>        \n        <!-- close gallery item -->\n                     \n        <!-- gallery item -->\n        <div class=\"item silhouette \">\n            <div class=\"picframe-new\" style=\"margin:30px\"> \n\t\t\t\t<a  href=\"https:\/\/drchedibali.com\/index.php\/portfolio\/liposuccion-avec-lipofilling-fesse\/\">\n\t                <div class=\"mask\"><\/div>\t                \n                    <div class=\"pr_text\">\n                        <div class=\"project-name\">Liposuccion avec lipofilling fesse (Injection de graisse au niveau des fesses)<\/div>\n                    <\/div>\n\t\t\t\t\t\t\t                \t\t\t\t\t\t\t\t<img decoding=\"async\" src=\"https:\/\/drchedibali.com\/wp-content\/uploads\/bfi_thumb\/023a-ot501jj5n8g034jfwd1kjlybzwiqv9f9cgdyjp6yic.png\" alt=\"\" title=\"023a\" \/>\n\t\t\t\t\t\t\t\t\t\t\t\t\t\t\t<\/a>\n            <\/div>\n        <\/div>        \n        <!-- close gallery item -->\n                     \n        <!-- gallery item -->\n        <div class=\"item seins silhouette \">\n            <div class=\"picframe-new\" style=\"margin:30px\"> \n\t\t\t\t<a  href=\"https:\/\/drchedibali.com\/index.php\/portfolio\/youtube-video\/\">\n\t                <div class=\"mask\"><\/div>\t                \n                    <div class=\"pr_text\">\n                        <div class=\"project-name\">Liposuccion par l\u2019appareil MICROAIRE \/ Lipofilling des seins<\/div>\n                    <\/div>\n\t\t\t\t\t\t\t                \t\t\t\t\t\t\t\t<img decoding=\"async\" src=\"https:\/\/drchedibali.com\/wp-content\/uploads\/bfi_thumb\/20191112_111314-scaled-okvnwbhzq8epnjsbpjgl1n6ng7sj00pwevvp78bsj8.jpg\" alt=\"\" title=\"20191112_111314\" \/>\n\t\t\t\t\t\t\t\t\t\t\t\t\t\t\t<\/a>\n            <\/div>\n        <\/div>        \n        <!-- close gallery item -->\n                     \n        <!-- gallery item -->\n        <div class=\"item seins silhouette \">\n            <div class=\"picframe-new\" style=\"margin:30px\"> \n\t\t\t\t<a  href=\"https:\/\/drchedibali.com\/index.php\/portfolio\/liposuscion-lipofilling-des-seins-lipofilling-des-fesses\/\">\n\t                <div class=\"mask\"><\/div>\t                \n                    <div class=\"pr_text\">\n                        <div class=\"project-name\">Liposuscion, Lipofilling des seins Lipofilling des fesses<\/div>\n                    <\/div>\n\t\t\t\t\t\t\t                \t\t\t\t\t\t\t\t<img decoding=\"async\" src=\"https:\/\/drchedibali.com\/wp-content\/uploads\/bfi_thumb\/020b-a-ot500t7obvfz21lo61o0lslfd44gvqirwu4d3y9zck.png\" alt=\"\" title=\"020b-a\" \/>\n\t\t\t\t\t\t\t\t\t\t\t\t\t\t\t<\/a>\n            <\/div>\n        <\/div>        \n        <!-- close gallery item -->\n                     \n        <!-- gallery item -->\n        <div class=\"item face \">\n            <div class=\"picframe-new\" style=\"margin:30px\"> \n\t\t\t\t<a  href=\"https:\/\/drchedibali.com\/index.php\/portfolio\/lippofiling-de-la-face-a-ete-associe-pour-combler-les-sillons-naso-geniens-et-augmenter-les-pommettes\/\">\n\t                <div class=\"mask\"><\/div>\t                \n                    <div class=\"pr_text\">\n                        <div class=\"project-name\">Lippofiling de la face a \u00e9t\u00e9 associ\u00e9 pour combler les sillons naso-g\u00e9niens et augmenter les pommettes.<\/div>\n                    <\/div>\n\t\t\t\t\t\t\t                \t\t\t\t\t\t\t\t<img decoding=\"async\" src=\"https:\/\/drchedibali.com\/wp-content\/uploads\/bfi_thumb\/Ph6-a-ot504ioraciouo7sind1fuwvptul8r8nr6rb98s2t0.png\" alt=\"\" title=\"Ph6-a\" \/>\n\t\t\t\t\t\t\t\t\t\t\t\t\t\t\t<\/a>\n            <\/div>\n        <\/div>        \n        <!-- close gallery item -->\n                     \n        <!-- gallery item -->\n        <div class=\"item face \">\n            <div class=\"picframe-new\" style=\"margin:30px\"> \n\t\t\t\t<a  href=\"https:\/\/drchedibali.com\/index.php\/portfolio\/rhinoplastie-1\/\">\n\t                <div class=\"mask\"><\/div>\t                \n                    <div class=\"pr_text\">\n                        <div class=\"project-name\">Rhinoplastie Esth\u00e9tique<\/div>\n                    <\/div>\n\t\t\t\t\t\t\t                \t\t\t\t\t\t\t\t<img decoding=\"async\" src=\"https:\/\/drchedibali.com\/wp-content\/uploads\/bfi_thumb\/024a-ot501ut7x8vfyg322hx3dj3v4iz5fmo1e07sb0q8fo.png\" alt=\"\" title=\"024a\" \/>\n\t\t\t\t\t\t\t\t\t\t\t\t\t\t\t<\/a>\n            <\/div>\n        <\/div>        \n        <!-- close gallery item -->\n            <\/div>\n        [\/vc_column][\/vc_row][vc_row fullwidth=&#8221;yes&#8221; el_class=&#8221;call-to-action bg-color text-center&#8221; css=&#8221;.vc_custom_1442204572844{padding-top: 60px !important;padding-bottom: 60px !important;}&#8221;][vc_column]\t\t\t\n\t<!-- Element: OT Button --> \n\t\t\t<a href=\"http:\/\/drchedibali.com\/index.php\/contact\/\" target=\"_self\" class=\"btn btn-line-black btn-big  \">Contactez-nous<\/a>\n\t    \n[\/vc_column][\/vc_row]<\/p>\n","protected":false},"excerpt":{"rendered":"<p>[vc_row fullwidth=&#8221;yes&#8221; css=&#8221;.vc_custom_1495594625318{padding-top: 0px !important;padding-bottom: 0px !important;}&#8221;][vc_column][\/vc_column][\/vc_row][vc_row fullwidth=&#8221;yes&#8221; el_class=&#8221;call-to-action bg-color text-center&#8221; css=&#8221;.vc_custom_1442204572844{padding-top: 60px !important;padding-bottom: 60px !important;}&#8221;][vc_column][\/vc_column][\/vc_row]<\/p>\n","protected":false},"author":1,"featured_media":0,"parent":0,"menu_order":0,"comment_status":"open","ping_status":"closed","template":"page-templates\/template-fullwidth.php","meta":{"footnotes":""},"class_list":["post-76","page","type-page","status-publish","hentry"],"yoast_head":"<!-- This site is optimized with the Yoast SEO plugin v27.3 - https:\/\/yoast.com\/product\/yoast-seo-wordpress\/ -->\n<title>Avant \/ Apr\u00e8s - Dr Chedi Bali Chirurgien Esthetique et Plastique<\/title>\n<meta name=\"robots\" content=\"index, follow, max-snippet:-1, max-image-preview:large, max-video-preview:-1\" \/>\n<link rel=\"canonical\" href=\"https:\/\/drchedibali.com\/index.php\/exemples\/\" \/>\n<meta property=\"og:locale\" content=\"fr_FR\" \/>\n<meta property=\"og:type\" content=\"article\" \/>\n<meta property=\"og:title\" content=\"Avant \/ Apr\u00e8s - Dr Chedi Bali Chirurgien Esthetique et Plastique\" \/>\n<meta property=\"og:description\" content=\"[vc_row fullwidth=&#8221;yes&#8221; css=&#8221;.vc_custom_1495594625318{padding-top: 0px !important;padding-bottom: 0px !important;}&#8221;][vc_column][\/vc_column][\/vc_row][vc_row fullwidth=&#8221;yes&#8221; el_class=&#8221;call-to-action bg-color text-center&#8221; css=&#8221;.vc_custom_1442204572844{padding-top: 60px !important;padding-bottom: 60px !important;}&#8221;][vc_column][\/vc_column][\/vc_row]\" \/>\n<meta property=\"og:url\" content=\"https:\/\/drchedibali.com\/index.php\/exemples\/\" \/>\n<meta property=\"og:site_name\" content=\"Dr Chedi Bali Chirurgien Esthetique et Plastique\" \/>\n<meta property=\"article:publisher\" content=\"https:\/\/www.facebook.com\/DocteurchediBALI\" \/>\n<meta property=\"article:modified_time\" content=\"2020-05-07T23:07:51+00:00\" \/>\n<meta name=\"twitter:card\" content=\"summary_large_image\" \/>\n<script type=\"application\/ld+json\" class=\"yoast-schema-graph\">{\"@context\":\"https:\\\/\\\/schema.org\",\"@graph\":[{\"@type\":\"WebPage\",\"@id\":\"https:\\\/\\\/drchedibali.com\\\/index.php\\\/exemples\\\/\",\"url\":\"https:\\\/\\\/drchedibali.com\\\/index.php\\\/exemples\\\/\",\"name\":\"Avant \\\/ Apr\u00e8s - Dr Chedi Bali Chirurgien Esthetique et Plastique\",\"isPartOf\":{\"@id\":\"https:\\\/\\\/drchedibali.com\\\/#website\"},\"datePublished\":\"2015-07-23T07:32:51+00:00\",\"dateModified\":\"2020-05-07T23:07:51+00:00\",\"breadcrumb\":{\"@id\":\"https:\\\/\\\/drchedibali.com\\\/index.php\\\/exemples\\\/#breadcrumb\"},\"inLanguage\":\"fr-FR\",\"potentialAction\":[{\"@type\":\"ReadAction\",\"target\":[\"https:\\\/\\\/drchedibali.com\\\/index.php\\\/exemples\\\/\"]}]},{\"@type\":\"BreadcrumbList\",\"@id\":\"https:\\\/\\\/drchedibali.com\\\/index.php\\\/exemples\\\/#breadcrumb\",\"itemListElement\":[{\"@type\":\"ListItem\",\"position\":1,\"name\":\"Accueil\",\"item\":\"https:\\\/\\\/drchedibali.com\\\/\"},{\"@type\":\"ListItem\",\"position\":2,\"name\":\"Avant \\\/ Apr\u00e8s\"}]},{\"@type\":\"WebSite\",\"@id\":\"https:\\\/\\\/drchedibali.com\\\/#website\",\"url\":\"https:\\\/\\\/drchedibali.com\\\/\",\"name\":\"Dr Chedi Bali Chirurgien Esthetique et Plastique\",\"description\":\"Dr Chedi Bali Chirurgien Esthetique et Plastique\",\"potentialAction\":[{\"@type\":\"SearchAction\",\"target\":{\"@type\":\"EntryPoint\",\"urlTemplate\":\"https:\\\/\\\/drchedibali.com\\\/?s={search_term_string}\"},\"query-input\":{\"@type\":\"PropertyValueSpecification\",\"valueRequired\":true,\"valueName\":\"search_term_string\"}}],\"inLanguage\":\"fr-FR\"}]}<\/script>\n<!-- \/ Yoast SEO plugin. -->","yoast_head_json":{"title":"Avant \/ Apr\u00e8s - Dr Chedi Bali Chirurgien Esthetique et Plastique","robots":{"index":"index","follow":"follow","max-snippet":"max-snippet:-1","max-image-preview":"max-image-preview:large","max-video-preview":"max-video-preview:-1"},"canonical":"https:\/\/drchedibali.com\/index.php\/exemples\/","og_locale":"fr_FR","og_type":"article","og_title":"Avant \/ Apr\u00e8s - Dr Chedi Bali Chirurgien Esthetique et Plastique","og_description":"[vc_row fullwidth=&#8221;yes&#8221; css=&#8221;.vc_custom_1495594625318{padding-top: 0px !important;padding-bottom: 0px !important;}&#8221;][vc_column][\/vc_column][\/vc_row][vc_row fullwidth=&#8221;yes&#8221; el_class=&#8221;call-to-action bg-color text-center&#8221; css=&#8221;.vc_custom_1442204572844{padding-top: 60px !important;padding-bottom: 60px !important;}&#8221;][vc_column][\/vc_column][\/vc_row]","og_url":"https:\/\/drchedibali.com\/index.php\/exemples\/","og_site_name":"Dr Chedi Bali Chirurgien Esthetique et Plastique","article_publisher":"https:\/\/www.facebook.com\/DocteurchediBALI","article_modified_time":"2020-05-07T23:07:51+00:00","twitter_card":"summary_large_image","schema":{"@context":"https:\/\/schema.org","@graph":[{"@type":"WebPage","@id":"https:\/\/drchedibali.com\/index.php\/exemples\/","url":"https:\/\/drchedibali.com\/index.php\/exemples\/","name":"Avant \/ Apr\u00e8s - Dr Chedi Bali Chirurgien Esthetique et Plastique","isPartOf":{"@id":"https:\/\/drchedibali.com\/#website"},"datePublished":"2015-07-23T07:32:51+00:00","dateModified":"2020-05-07T23:07:51+00:00","breadcrumb":{"@id":"https:\/\/drchedibali.com\/index.php\/exemples\/#breadcrumb"},"inLanguage":"fr-FR","potentialAction":[{"@type":"ReadAction","target":["https:\/\/drchedibali.com\/index.php\/exemples\/"]}]},{"@type":"BreadcrumbList","@id":"https:\/\/drchedibali.com\/index.php\/exemples\/#breadcrumb","itemListElement":[{"@type":"ListItem","position":1,"name":"Accueil","item":"https:\/\/drchedibali.com\/"},{"@type":"ListItem","position":2,"name":"Avant \/ Apr\u00e8s"}]},{"@type":"WebSite","@id":"https:\/\/drchedibali.com\/#website","url":"https:\/\/drchedibali.com\/","name":"Dr Chedi Bali Chirurgien Esthetique et Plastique","description":"Dr Chedi Bali Chirurgien Esthetique et Plastique","potentialAction":[{"@type":"SearchAction","target":{"@type":"EntryPoint","urlTemplate":"https:\/\/drchedibali.com\/?s={search_term_string}"},"query-input":{"@type":"PropertyValueSpecification","valueRequired":true,"valueName":"search_term_string"}}],"inLanguage":"fr-FR"}]}},"_links":{"self":[{"href":"https:\/\/drchedibali.com\/index.php\/wp-json\/wp\/v2\/pages\/76","targetHints":{"allow":["GET"]}}],"collection":[{"href":"https:\/\/drchedibali.com\/index.php\/wp-json\/wp\/v2\/pages"}],"about":[{"href":"https:\/\/drchedibali.com\/index.php\/wp-json\/wp\/v2\/types\/page"}],"author":[{"embeddable":true,"href":"https:\/\/drchedibali.com\/index.php\/wp-json\/wp\/v2\/users\/1"}],"replies":[{"embeddable":true,"href":"https:\/\/drchedibali.com\/index.php\/wp-json\/wp\/v2\/comments?post=76"}],"version-history":[{"count":5,"href":"https:\/\/drchedibali.com\/index.php\/wp-json\/wp\/v2\/pages\/76\/revisions"}],"predecessor-version":[{"id":1781,"href":"https:\/\/drchedibali.com\/index.php\/wp-json\/wp\/v2\/pages\/76\/revisions\/1781"}],"wp:attachment":[{"href":"https:\/\/drchedibali.com\/index.php\/wp-json\/wp\/v2\/media?parent=76"}],"curies":[{"name":"wp","href":"https:\/\/api.w.org\/{rel}","templated":true}]}}