{"id":851,"date":"2015-11-03T03:39:41","date_gmt":"2015-11-03T03:39:41","guid":{"rendered":"http:\/\/demo.vegatheme.com\/archilight\/?page_id=851"},"modified":"2020-10-12T20:42:48","modified_gmt":"2020-10-12T18:42:48","slug":"faqs","status":"publish","type":"page","link":"https:\/\/drchedibali.com\/index.php\/faqs\/","title":{"rendered":"FAQs"},"content":{"rendered":"<p>[vc_row fullwidth=&#8221;yes&#8221; css=&#8221;.vc_custom_1495595107662{padding-top: 0px !important;padding-bottom: 0px !important;}&#8221;][vc_column width=&#8221;1\/2&#8243;]\t<!-- Element: OT FAQs -->\n  \t<div class=\"expand\">\n        <h4>Proth\u00e8ses mammaires et Allaitement ?<\/h4>\n        <div class=\"hidden-content\">\n            <p>Question\u00a0:<\/p>\n<p>Est-ce qu\u2019on peut allaiter avec des proth\u00e8ses en silicone\u00a0?<\/p>\n<p>R\u00e9ponse\u00a0:<\/p>\n<p>Oui, une femme qui a des proth\u00e8ses en silicone peut allaiter. Effectivement la chirurgie esth\u00e9tique ne doit pas compromettre le fonctionnement de l\u2019organe (le sein dans ce cas). Cependant, une fois op\u00e9r\u00e9e pour des implants en silicone la femme ne doit pas tomber enceinte dans les six mois qui suivent.<\/p>\n<p><iframe loading=\"lazy\" src=\"https:\/\/www.youtube.com\/embed\/RLfcd96tqhM\" width=\"560\" height=\"315\" frameborder=\"0\" allowfullscreen=\"allowfullscreen\"><\/iframe><\/p>\n        <\/div>\n    <\/div>\n\t<!-- Element: OT FAQs -->\n  \t<div class=\"expand\">\n        <h4>Position de l\u2019implant en silicone?<\/h4>\n        <div class=\"hidden-content\">\n            <p>Question<\/p>\n<p>Derri\u00e8re le muscle, devant le muscle ou Dual Plan\u00a0: Quelle est la meilleure position des implants mammaires\u00a0?<\/p>\n<p>R\u00e9ponse\u00a0:<\/p>\n<p>Ces diff\u00e9rentes techniques peuvent \u00eatre indiqu\u00e9es apr\u00e8s consultation du chirurgien esth\u00e9tique. Chacune d\u2019elles peut \u00eatre la meilleure technique selon le cas de la patiente. Par exemple chez une jeune fille qui a un petit bonnet il est pr\u00e9f\u00e9rable de mettre les implants derri\u00e8re le muscle. Par contre chez une femme qui a subi un amaigrissement important avec des seins vides et tombants il serait mieux de mettre les proth\u00e8ses devant le muscle et derri\u00e8re la glande avec bien sur un lifting mammaire.<\/p>\n        <\/div>\n    <\/div>\n[\/vc_column][vc_column width=&#8221;1\/2&#8243;]\t<!-- Element: OT FAQs -->\n  \t<div class=\"expand\">\n        <h4>Silicone ou graisse<\/h4>\n        <div class=\"hidden-content\">\n            <p>Question\u00a0:<\/p>\n<p>Entre la graisse ou le silicone comment choisir pour augmenter le volume des seins\u00a0?<\/p>\n<p>R\u00e9ponse\u00a0:<\/p>\n<p>Le lipofilling des seins et les implants en silicone sont de nos jours couramment utilis\u00e9s pour l\u2019augmentation mammaire. Le principal avantage des proth\u00e8ses mammaires est de pouvoir choisir le volume exact avant l\u2019op\u00e9ration ce qui permet une augmentation m\u00eame importante tout en respectant la morphologie de la patiente. Le choix de lipofilling ou l\u2019injection de graisse ne permet qu\u2019une augmentation moyenne\u00a0: le gain d\u2019un seul bonnet en une seule fois. Par ailleurs cette technique permet d\u2019\u00e9pargner l\u2019utilisation d\u2019un corps \u00e9tranger (silicone) d\u2019une part et d\u2019autre part de mieux choisir la forme du nouveau sein permettant donc d\u2019avoir un r\u00e9sultat plus naturel.<\/p>\n        <\/div>\n    <\/div>\n[\/vc_column][\/vc_row]<\/p>\n","protected":false},"excerpt":{"rendered":"<p>[vc_row fullwidth=&#8221;yes&#8221; css=&#8221;.vc_custom_1495595107662{padding-top: 0px !important;padding-bottom: 0px !important;}&#8221;][vc_column width=&#8221;1\/2&#8243;][\/vc_column][vc_column width=&#8221;1\/2&#8243;][\/vc_column][\/vc_row]<\/p>\n","protected":false},"author":1,"featured_media":0,"parent":0,"menu_order":0,"comment_status":"open","ping_status":"open","template":"page-templates\/template-fullwidth.php","meta":{"footnotes":""},"class_list":["post-851","page","type-page","status-publish","hentry"],"yoast_head":"<!-- This site is optimized with the Yoast SEO plugin v27.3 - https:\/\/yoast.com\/product\/yoast-seo-wordpress\/ -->\n<title>FAQs - Dr Chedi Bali Chirurgien Esthetique et Plastique<\/title>\n<meta name=\"robots\" content=\"index, follow, max-snippet:-1, max-image-preview:large, max-video-preview:-1\" \/>\n<link rel=\"canonical\" href=\"https:\/\/drchedibali.com\/index.php\/faqs\/\" \/>\n<meta property=\"og:locale\" content=\"fr_FR\" \/>\n<meta property=\"og:type\" content=\"article\" \/>\n<meta property=\"og:title\" content=\"FAQs - Dr Chedi Bali Chirurgien Esthetique et Plastique\" \/>\n<meta property=\"og:description\" content=\"[vc_row fullwidth=&#8221;yes&#8221; css=&#8221;.vc_custom_1495595107662{padding-top: 0px !important;padding-bottom: 0px !important;}&#8221;][vc_column width=&#8221;1\/2&#8243;][\/vc_column][vc_column width=&#8221;1\/2&#8243;][\/vc_column][\/vc_row]\" \/>\n<meta property=\"og:url\" content=\"https:\/\/drchedibali.com\/index.php\/faqs\/\" \/>\n<meta property=\"og:site_name\" content=\"Dr Chedi Bali Chirurgien Esthetique et Plastique\" \/>\n<meta property=\"article:publisher\" content=\"https:\/\/www.facebook.com\/DocteurchediBALI\" \/>\n<meta property=\"article:modified_time\" content=\"2020-10-12T18:42:48+00:00\" \/>\n<meta name=\"twitter:card\" content=\"summary_large_image\" \/>\n<meta name=\"twitter:label1\" content=\"Dur\u00e9e de lecture estim\u00e9e\" \/>\n\t<meta name=\"twitter:data1\" content=\"2 minutes\" \/>\n<script type=\"application\/ld+json\" class=\"yoast-schema-graph\">{\"@context\":\"https:\\\/\\\/schema.org\",\"@graph\":[{\"@type\":\"WebPage\",\"@id\":\"https:\\\/\\\/drchedibali.com\\\/index.php\\\/faqs\\\/\",\"url\":\"https:\\\/\\\/drchedibali.com\\\/index.php\\\/faqs\\\/\",\"name\":\"FAQs - Dr Chedi Bali Chirurgien Esthetique et Plastique\",\"isPartOf\":{\"@id\":\"https:\\\/\\\/drchedibali.com\\\/#website\"},\"datePublished\":\"2015-11-03T03:39:41+00:00\",\"dateModified\":\"2020-10-12T18:42:48+00:00\",\"breadcrumb\":{\"@id\":\"https:\\\/\\\/drchedibali.com\\\/index.php\\\/faqs\\\/#breadcrumb\"},\"inLanguage\":\"fr-FR\",\"potentialAction\":[{\"@type\":\"ReadAction\",\"target\":[\"https:\\\/\\\/drchedibali.com\\\/index.php\\\/faqs\\\/\"]}]},{\"@type\":\"BreadcrumbList\",\"@id\":\"https:\\\/\\\/drchedibali.com\\\/index.php\\\/faqs\\\/#breadcrumb\",\"itemListElement\":[{\"@type\":\"ListItem\",\"position\":1,\"name\":\"Accueil\",\"item\":\"https:\\\/\\\/drchedibali.com\\\/\"},{\"@type\":\"ListItem\",\"position\":2,\"name\":\"FAQs\"}]},{\"@type\":\"WebSite\",\"@id\":\"https:\\\/\\\/drchedibali.com\\\/#website\",\"url\":\"https:\\\/\\\/drchedibali.com\\\/\",\"name\":\"Dr Chedi Bali Chirurgien Esthetique et Plastique\",\"description\":\"Dr Chedi Bali Chirurgien Esthetique et Plastique\",\"potentialAction\":[{\"@type\":\"SearchAction\",\"target\":{\"@type\":\"EntryPoint\",\"urlTemplate\":\"https:\\\/\\\/drchedibali.com\\\/?s={search_term_string}\"},\"query-input\":{\"@type\":\"PropertyValueSpecification\",\"valueRequired\":true,\"valueName\":\"search_term_string\"}}],\"inLanguage\":\"fr-FR\"}]}<\/script>\n<!-- \/ Yoast SEO plugin. -->","yoast_head_json":{"title":"FAQs - Dr Chedi Bali Chirurgien Esthetique et Plastique","robots":{"index":"index","follow":"follow","max-snippet":"max-snippet:-1","max-image-preview":"max-image-preview:large","max-video-preview":"max-video-preview:-1"},"canonical":"https:\/\/drchedibali.com\/index.php\/faqs\/","og_locale":"fr_FR","og_type":"article","og_title":"FAQs - Dr Chedi Bali Chirurgien Esthetique et Plastique","og_description":"[vc_row fullwidth=&#8221;yes&#8221; css=&#8221;.vc_custom_1495595107662{padding-top: 0px !important;padding-bottom: 0px !important;}&#8221;][vc_column width=&#8221;1\/2&#8243;][\/vc_column][vc_column width=&#8221;1\/2&#8243;][\/vc_column][\/vc_row]","og_url":"https:\/\/drchedibali.com\/index.php\/faqs\/","og_site_name":"Dr Chedi Bali Chirurgien Esthetique et Plastique","article_publisher":"https:\/\/www.facebook.com\/DocteurchediBALI","article_modified_time":"2020-10-12T18:42:48+00:00","twitter_card":"summary_large_image","twitter_misc":{"Dur\u00e9e de lecture estim\u00e9e":"2 minutes"},"schema":{"@context":"https:\/\/schema.org","@graph":[{"@type":"WebPage","@id":"https:\/\/drchedibali.com\/index.php\/faqs\/","url":"https:\/\/drchedibali.com\/index.php\/faqs\/","name":"FAQs - Dr Chedi Bali Chirurgien Esthetique et Plastique","isPartOf":{"@id":"https:\/\/drchedibali.com\/#website"},"datePublished":"2015-11-03T03:39:41+00:00","dateModified":"2020-10-12T18:42:48+00:00","breadcrumb":{"@id":"https:\/\/drchedibali.com\/index.php\/faqs\/#breadcrumb"},"inLanguage":"fr-FR","potentialAction":[{"@type":"ReadAction","target":["https:\/\/drchedibali.com\/index.php\/faqs\/"]}]},{"@type":"BreadcrumbList","@id":"https:\/\/drchedibali.com\/index.php\/faqs\/#breadcrumb","itemListElement":[{"@type":"ListItem","position":1,"name":"Accueil","item":"https:\/\/drchedibali.com\/"},{"@type":"ListItem","position":2,"name":"FAQs"}]},{"@type":"WebSite","@id":"https:\/\/drchedibali.com\/#website","url":"https:\/\/drchedibali.com\/","name":"Dr Chedi Bali Chirurgien Esthetique et Plastique","description":"Dr Chedi Bali Chirurgien Esthetique et Plastique","potentialAction":[{"@type":"SearchAction","target":{"@type":"EntryPoint","urlTemplate":"https:\/\/drchedibali.com\/?s={search_term_string}"},"query-input":{"@type":"PropertyValueSpecification","valueRequired":true,"valueName":"search_term_string"}}],"inLanguage":"fr-FR"}]}},"_links":{"self":[{"href":"https:\/\/drchedibali.com\/index.php\/wp-json\/wp\/v2\/pages\/851","targetHints":{"allow":["GET"]}}],"collection":[{"href":"https:\/\/drchedibali.com\/index.php\/wp-json\/wp\/v2\/pages"}],"about":[{"href":"https:\/\/drchedibali.com\/index.php\/wp-json\/wp\/v2\/types\/page"}],"author":[{"embeddable":true,"href":"https:\/\/drchedibali.com\/index.php\/wp-json\/wp\/v2\/users\/1"}],"replies":[{"embeddable":true,"href":"https:\/\/drchedibali.com\/index.php\/wp-json\/wp\/v2\/comments?post=851"}],"version-history":[{"count":11,"href":"https:\/\/drchedibali.com\/index.php\/wp-json\/wp\/v2\/pages\/851\/revisions"}],"predecessor-version":[{"id":1894,"href":"https:\/\/drchedibali.com\/index.php\/wp-json\/wp\/v2\/pages\/851\/revisions\/1894"}],"wp:attachment":[{"href":"https:\/\/drchedibali.com\/index.php\/wp-json\/wp\/v2\/media?parent=851"}],"curies":[{"name":"wp","href":"https:\/\/api.w.org\/{rel}","templated":true}]}}